{"id":248452,"date":"2024-08-18T09:14:56","date_gmt":"2024-08-18T07:14:56","guid":{"rendered":"https:\/\/mentta.fastdelivery.es\/?post_type=product&#038;p=248452"},"modified":"2026-03-10T17:16:25","modified_gmt":"2026-03-10T16:16:25","slug":"mahou-sin-botellin-25cl-pack-24","status":"publish","type":"product","link":"https:\/\/mentta.fastdelivery.es\/index.php\/producto\/mahou-sin-botellin-25cl-pack-24\/","title":{"rendered":"Mahou Botell\u00edn 25cl pack 24"},"content":{"rendered":"<p><strong>Mahou Sin Botell\u00edn 250 ml<\/strong>:<\/p>\n<ul>\n<li><strong>Calor\u00edas<\/strong>: 66 kcal<\/li>\n<li><strong>Carbohidratos<\/strong>: 15 g<\/li>\n<li><strong>Prote\u00ednas<\/strong>: 0.4 g<\/li>\n<li><strong>Alcohol<\/strong>: 0.0% vol.<\/li>\n<\/ul>\n<p><strong>Al\u00e9rgenos<\/strong>: Contiene gluten (derivado de la cebada). Similar a la Mahou 00, no se reportan otros al\u00e9rgenos<\/p>\n<p>Origen Espa\u00f1a<\/p>\n","protected":false},"excerpt":{"rendered":"<p>Mahou Sin Botell\u00edn 250 ml: Calor\u00edas: 66 kcal Carbohidratos: 15 g Prote\u00ednas: 0.4 g Alcohol: 0.0% vol. Al\u00e9rgenos: Contiene gluten (derivado de la cebada). Similar a la Mahou 00, no se reportan otros al\u00e9rgenos Origen Espa\u00f1a<\/p>\n","protected":false},"featured_media":247256,"comment_status":"closed","ping_status":"closed","template":"","meta":[],"product_brand":[],"product_cat":[87],"product_tag":[],"class_list":{"0":"post-248452","1":"product","2":"type-product","3":"status-publish","4":"has-post-thumbnail","6":"product_cat-uncategorized","8":"first","9":"instock","10":"shipping-taxable","11":"purchasable","12":"product-type-simple"},"_links":{"self":[{"href":"https:\/\/mentta.fastdelivery.es\/index.php\/wp-json\/wp\/v2\/product\/248452","targetHints":{"allow":["GET"]}}],"collection":[{"href":"https:\/\/mentta.fastdelivery.es\/index.php\/wp-json\/wp\/v2\/product"}],"about":[{"href":"https:\/\/mentta.fastdelivery.es\/index.php\/wp-json\/wp\/v2\/types\/product"}],"replies":[{"embeddable":true,"href":"https:\/\/mentta.fastdelivery.es\/index.php\/wp-json\/wp\/v2\/comments?post=248452"}],"wp:featuredmedia":[{"embeddable":true,"href":"https:\/\/mentta.fastdelivery.es\/index.php\/wp-json\/wp\/v2\/media\/247256"}],"wp:attachment":[{"href":"https:\/\/mentta.fastdelivery.es\/index.php\/wp-json\/wp\/v2\/media?parent=248452"}],"wp:term":[{"taxonomy":"product_brand","embeddable":true,"href":"https:\/\/mentta.fastdelivery.es\/index.php\/wp-json\/wp\/v2\/product_brand?post=248452"},{"taxonomy":"product_cat","embeddable":true,"href":"https:\/\/mentta.fastdelivery.es\/index.php\/wp-json\/wp\/v2\/product_cat?post=248452"},{"taxonomy":"product_tag","embeddable":true,"href":"https:\/\/mentta.fastdelivery.es\/index.php\/wp-json\/wp\/v2\/product_tag?post=248452"}],"curies":[{"name":"wp","href":"https:\/\/api.w.org\/{rel}","templated":true}]}}