{"id":248456,"date":"2024-08-18T09:31:27","date_gmt":"2024-08-18T07:31:27","guid":{"rendered":"https:\/\/mentta.fastdelivery.es\/?post_type=product&#038;p=248456"},"modified":"2026-03-10T17:16:25","modified_gmt":"2026-03-10T16:16:25","slug":"schweppes-tonica-lata-200-ml-pack-24","status":"publish","type":"product","link":"https:\/\/mentta.fastdelivery.es\/index.php\/producto\/schweppes-tonica-lata-200-ml-pack-24\/","title":{"rendered":"Schweppes T\u00f3nica Lata 200 ml (Pack 24)"},"content":{"rendered":"<h3><strong>Schweppes T\u00f3nica (Lata 200 ml)<\/strong><\/h3>\n<p>Informaci\u00f3n nutricional:<\/p>\n<ul>\n<li><strong>Calor\u00edas:<\/strong>\u00a068 kcal<\/li>\n<li><strong>Az\u00facares:<\/strong>\u00a016 g<\/li>\n<li><strong>Al\u00e9rgenos:<\/strong>\u00a0No contiene al\u00e9rgenos declarados<\/li>\n<\/ul>\n<p>Origen Espa\u00f1a<\/p>\n","protected":false},"excerpt":{"rendered":"<p>Schweppes T\u00f3nica (Lata 200 ml) Informaci\u00f3n nutricional: Calor\u00edas:\u00a068 kcal Az\u00facares:\u00a016 g Al\u00e9rgenos:\u00a0No contiene al\u00e9rgenos declarados Origen Espa\u00f1a<\/p>\n","protected":false},"featured_media":247260,"comment_status":"closed","ping_status":"closed","template":"","meta":[],"product_brand":[],"product_cat":[45],"product_tag":[],"class_list":{"0":"post-248456","1":"product","2":"type-product","3":"status-publish","4":"has-post-thumbnail","6":"product_cat-cervezas-y-refrescos","8":"first","9":"instock","10":"shipping-taxable","11":"purchasable","12":"product-type-simple"},"_links":{"self":[{"href":"https:\/\/mentta.fastdelivery.es\/index.php\/wp-json\/wp\/v2\/product\/248456","targetHints":{"allow":["GET"]}}],"collection":[{"href":"https:\/\/mentta.fastdelivery.es\/index.php\/wp-json\/wp\/v2\/product"}],"about":[{"href":"https:\/\/mentta.fastdelivery.es\/index.php\/wp-json\/wp\/v2\/types\/product"}],"replies":[{"embeddable":true,"href":"https:\/\/mentta.fastdelivery.es\/index.php\/wp-json\/wp\/v2\/comments?post=248456"}],"wp:featuredmedia":[{"embeddable":true,"href":"https:\/\/mentta.fastdelivery.es\/index.php\/wp-json\/wp\/v2\/media\/247260"}],"wp:attachment":[{"href":"https:\/\/mentta.fastdelivery.es\/index.php\/wp-json\/wp\/v2\/media?parent=248456"}],"wp:term":[{"taxonomy":"product_brand","embeddable":true,"href":"https:\/\/mentta.fastdelivery.es\/index.php\/wp-json\/wp\/v2\/product_brand?post=248456"},{"taxonomy":"product_cat","embeddable":true,"href":"https:\/\/mentta.fastdelivery.es\/index.php\/wp-json\/wp\/v2\/product_cat?post=248456"},{"taxonomy":"product_tag","embeddable":true,"href":"https:\/\/mentta.fastdelivery.es\/index.php\/wp-json\/wp\/v2\/product_tag?post=248456"}],"curies":[{"name":"wp","href":"https:\/\/api.w.org\/{rel}","templated":true}]}}