{"id":248464,"date":"2024-08-18T09:46:47","date_gmt":"2024-08-18T07:46:47","guid":{"rendered":"https:\/\/mentta.fastdelivery.es\/?post_type=product&#038;p=248464"},"modified":"2026-03-10T17:16:25","modified_gmt":"2026-03-10T16:16:25","slug":"sangria-don-simon-6-x-15l","status":"publish","type":"product","link":"https:\/\/mentta.fastdelivery.es\/index.php\/producto\/sangria-don-simon-6-x-15l\/","title":{"rendered":"SANGRIA DON SIMON 6 X 1,5L"},"content":{"rendered":"<p><strong>Sangr\u00eda Don Sim\u00f3n (6 x 1.5L)<\/strong><\/p>\n<ul>\n<li style=\"list-style-type: none;\">\n<ul>\n<li><strong>Informaci\u00f3n Nutricional<\/strong>\u00a0(por 100 ml):\n<ul>\n<li>42 kcal<\/li>\n<li>10.1 g de carbohidratos (de los cuales 9.6 g son az\u00facares).<\/li>\n<\/ul>\n<\/li>\n<li><strong>Al\u00e9rgenos:<\/strong>\u00a0No contiene al\u00e9rgenos comunes.<\/li>\n<li>Origen Espa\u00f1a<\/li>\n<\/ul>\n<\/li>\n<\/ul>\n","protected":false},"excerpt":{"rendered":"<p>Sangr\u00eda Don Sim\u00f3n (6 x 1.5L) Informaci\u00f3n Nutricional\u00a0(por 100 ml): 42 kcal 10.1 g de carbohidratos (de los cuales 9.6 g son az\u00facares). Al\u00e9rgenos:\u00a0No contiene al\u00e9rgenos comunes. Origen Espa\u00f1a<\/p>\n","protected":false},"featured_media":247268,"comment_status":"closed","ping_status":"closed","template":"","meta":[],"product_brand":[],"product_cat":[42,45],"product_tag":[],"class_list":{"0":"post-248464","1":"product","2":"type-product","3":"status-publish","4":"has-post-thumbnail","6":"product_cat-bebidas-y-lacteos","7":"product_cat-cervezas-y-refrescos","9":"first","10":"instock","11":"shipping-taxable","12":"purchasable","13":"product-type-simple"},"_links":{"self":[{"href":"https:\/\/mentta.fastdelivery.es\/index.php\/wp-json\/wp\/v2\/product\/248464","targetHints":{"allow":["GET"]}}],"collection":[{"href":"https:\/\/mentta.fastdelivery.es\/index.php\/wp-json\/wp\/v2\/product"}],"about":[{"href":"https:\/\/mentta.fastdelivery.es\/index.php\/wp-json\/wp\/v2\/types\/product"}],"replies":[{"embeddable":true,"href":"https:\/\/mentta.fastdelivery.es\/index.php\/wp-json\/wp\/v2\/comments?post=248464"}],"wp:featuredmedia":[{"embeddable":true,"href":"https:\/\/mentta.fastdelivery.es\/index.php\/wp-json\/wp\/v2\/media\/247268"}],"wp:attachment":[{"href":"https:\/\/mentta.fastdelivery.es\/index.php\/wp-json\/wp\/v2\/media?parent=248464"}],"wp:term":[{"taxonomy":"product_brand","embeddable":true,"href":"https:\/\/mentta.fastdelivery.es\/index.php\/wp-json\/wp\/v2\/product_brand?post=248464"},{"taxonomy":"product_cat","embeddable":true,"href":"https:\/\/mentta.fastdelivery.es\/index.php\/wp-json\/wp\/v2\/product_cat?post=248464"},{"taxonomy":"product_tag","embeddable":true,"href":"https:\/\/mentta.fastdelivery.es\/index.php\/wp-json\/wp\/v2\/product_tag?post=248464"}],"curies":[{"name":"wp","href":"https:\/\/api.w.org\/{rel}","templated":true}]}}