{"id":248469,"date":"2024-08-18T09:59:37","date_gmt":"2024-08-18T07:59:37","guid":{"rendered":"https:\/\/mentta.fastdelivery.es\/?post_type=product&#038;p=248469"},"modified":"2026-03-10T17:16:25","modified_gmt":"2026-03-10T16:16:25","slug":"melocoton-almibar-eliges-480-gr","status":"publish","type":"product","link":"https:\/\/mentta.fastdelivery.es\/index.php\/producto\/melocoton-almibar-eliges-480-gr\/","title":{"rendered":"MELOCOTON ALMIBAR ELIGES 480 GR"},"content":{"rendered":"<p><strong>Melocot\u00f3n en Alm\u00edbar Eliges (480 g)<\/strong><\/p>\n<ul>\n<li style=\"list-style-type: none;\">\n<ul>\n<li><strong>Informaci\u00f3n Nutricional<\/strong>\u00a0(por 100 g):\n<ul>\n<li>61 kcal<\/li>\n<li>15.0 g de carbohidratos (de los cuales 14.0 g son az\u00facares).<\/li>\n<\/ul>\n<\/li>\n<li><strong>Al\u00e9rgenos:<\/strong>\u00a0No contiene al\u00e9rgenos comunes.<\/li>\n<li>Origen Espa\u00f1a<\/li>\n<\/ul>\n<\/li>\n<\/ul>\n","protected":false},"excerpt":{"rendered":"<p>Melocot\u00f3n en Alm\u00edbar Eliges (480 g) Informaci\u00f3n Nutricional\u00a0(por 100 g): 61 kcal 15.0 g de carbohidratos (de los cuales 14.0 g son az\u00facares). Al\u00e9rgenos:\u00a0No contiene al\u00e9rgenos comunes. Origen Espa\u00f1a<\/p>\n","protected":false},"featured_media":247274,"comment_status":"closed","ping_status":"closed","template":"","meta":[],"product_brand":[],"product_cat":[69,19],"product_tag":[],"class_list":{"0":"post-248469","1":"product","2":"type-product","3":"status-publish","4":"has-post-thumbnail","6":"product_cat-conservas","7":"product_cat-frutas-online","9":"first","10":"instock","11":"shipping-taxable","12":"purchasable","13":"product-type-simple"},"_links":{"self":[{"href":"https:\/\/mentta.fastdelivery.es\/index.php\/wp-json\/wp\/v2\/product\/248469","targetHints":{"allow":["GET"]}}],"collection":[{"href":"https:\/\/mentta.fastdelivery.es\/index.php\/wp-json\/wp\/v2\/product"}],"about":[{"href":"https:\/\/mentta.fastdelivery.es\/index.php\/wp-json\/wp\/v2\/types\/product"}],"replies":[{"embeddable":true,"href":"https:\/\/mentta.fastdelivery.es\/index.php\/wp-json\/wp\/v2\/comments?post=248469"}],"wp:featuredmedia":[{"embeddable":true,"href":"https:\/\/mentta.fastdelivery.es\/index.php\/wp-json\/wp\/v2\/media\/247274"}],"wp:attachment":[{"href":"https:\/\/mentta.fastdelivery.es\/index.php\/wp-json\/wp\/v2\/media?parent=248469"}],"wp:term":[{"taxonomy":"product_brand","embeddable":true,"href":"https:\/\/mentta.fastdelivery.es\/index.php\/wp-json\/wp\/v2\/product_brand?post=248469"},{"taxonomy":"product_cat","embeddable":true,"href":"https:\/\/mentta.fastdelivery.es\/index.php\/wp-json\/wp\/v2\/product_cat?post=248469"},{"taxonomy":"product_tag","embeddable":true,"href":"https:\/\/mentta.fastdelivery.es\/index.php\/wp-json\/wp\/v2\/product_tag?post=248469"}],"curies":[{"name":"wp","href":"https:\/\/api.w.org\/{rel}","templated":true}]}}