{"id":248476,"date":"2024-08-18T10:13:30","date_gmt":"2024-08-18T08:13:30","guid":{"rendered":"https:\/\/mentta.fastdelivery.es\/?post_type=product&#038;p=248476"},"modified":"2026-03-10T17:15:30","modified_gmt":"2026-03-10T16:15:30","slug":"cafe-tassimo-capuchino-8-capsulas","status":"publish","type":"product","link":"https:\/\/mentta.fastdelivery.es\/index.php\/producto\/cafe-tassimo-capuchino-8-capsulas\/","title":{"rendered":"CAF\u00c9 TASSIMO CAPUCHINO 8 CAPSULAS"},"content":{"rendered":"<h3><strong>CAF\u00c9 TASSIMO CAPUCHINO 8 CAPSULAS<\/strong><\/h3>\n<ul>\n<li><strong>Ingredientes<\/strong>: Caf\u00e9 tostado y molido, leche en polvo, az\u00facar.<\/li>\n<li><strong>Informaci\u00f3n nutricional<\/strong>\u00a0(por 100 ml preparado):\n<ul>\n<li>Energ\u00eda: 31 kcal<\/li>\n<li>Grasas: 1.5 g<\/li>\n<li>Hidratos de carbono: 3.2 g<\/li>\n<li>Az\u00facares: 2.6 g<\/li>\n<li>Prote\u00ednas: 1.2 g<\/li>\n<li>Sal: 0.15 g<\/li>\n<\/ul>\n<\/li>\n<li><strong>Al\u00e9rgenos<\/strong>: Leche y derivados (incluye lactosa).<\/li>\n<\/ul>\n","protected":false},"excerpt":{"rendered":"<p>CAF\u00c9 TASSIMO CAPUCHINO 8 CAPSULAS Ingredientes: Caf\u00e9 tostado y molido, leche en polvo, az\u00facar. Informaci\u00f3n nutricional\u00a0(por 100 ml preparado): Energ\u00eda: 31 kcal Grasas: 1.5 g Hidratos de carbono: 3.2 g Az\u00facares: 2.6 g Prote\u00ednas: 1.2 g Sal: 0.15 g Al\u00e9rgenos: Leche y derivados (incluye lactosa).<\/p>\n","protected":false},"featured_media":247284,"comment_status":"closed","ping_status":"closed","template":"","meta":[],"product_brand":[],"product_cat":[86],"product_tag":[],"class_list":{"0":"post-248476","1":"product","2":"type-product","3":"status-publish","4":"has-post-thumbnail","6":"product_cat-desayunos","8":"first","9":"instock","10":"shipping-taxable","11":"purchasable","12":"product-type-simple"},"_links":{"self":[{"href":"https:\/\/mentta.fastdelivery.es\/index.php\/wp-json\/wp\/v2\/product\/248476","targetHints":{"allow":["GET"]}}],"collection":[{"href":"https:\/\/mentta.fastdelivery.es\/index.php\/wp-json\/wp\/v2\/product"}],"about":[{"href":"https:\/\/mentta.fastdelivery.es\/index.php\/wp-json\/wp\/v2\/types\/product"}],"replies":[{"embeddable":true,"href":"https:\/\/mentta.fastdelivery.es\/index.php\/wp-json\/wp\/v2\/comments?post=248476"}],"wp:featuredmedia":[{"embeddable":true,"href":"https:\/\/mentta.fastdelivery.es\/index.php\/wp-json\/wp\/v2\/media\/247284"}],"wp:attachment":[{"href":"https:\/\/mentta.fastdelivery.es\/index.php\/wp-json\/wp\/v2\/media?parent=248476"}],"wp:term":[{"taxonomy":"product_brand","embeddable":true,"href":"https:\/\/mentta.fastdelivery.es\/index.php\/wp-json\/wp\/v2\/product_brand?post=248476"},{"taxonomy":"product_cat","embeddable":true,"href":"https:\/\/mentta.fastdelivery.es\/index.php\/wp-json\/wp\/v2\/product_cat?post=248476"},{"taxonomy":"product_tag","embeddable":true,"href":"https:\/\/mentta.fastdelivery.es\/index.php\/wp-json\/wp\/v2\/product_tag?post=248476"}],"curies":[{"name":"wp","href":"https:\/\/api.w.org\/{rel}","templated":true}]}}