{"id":248477,"date":"2024-08-18T10:14:41","date_gmt":"2024-08-18T08:14:41","guid":{"rendered":"https:\/\/mentta.fastdelivery.es\/?post_type=product&#038;p=248477"},"modified":"2026-03-10T17:15:30","modified_gmt":"2026-03-10T16:15:30","slug":"calle-tassimo-fortissimo-16-capsulas","status":"publish","type":"product","link":"https:\/\/mentta.fastdelivery.es\/index.php\/producto\/calle-tassimo-fortissimo-16-capsulas\/","title":{"rendered":"CAF\u00c9 TASSIMO FORTISSIMO 16 CAPSULAS"},"content":{"rendered":"<h3><strong>CAF\u00c9 TASSIMO FORTISSIMO 16 CAPSULAS<\/strong><\/h3>\n<ul>\n<li><strong>Ingredientes<\/strong>: Caf\u00e9 100% tostado y molido.<\/li>\n<li><strong>Informaci\u00f3n nutricional<\/strong>\u00a0(por 100 ml preparado):\n<ul>\n<li>Energ\u00eda: 3 kcal<\/li>\n<li>Grasas: 0 g<\/li>\n<li>Hidratos de carbono: 0.2 g<\/li>\n<li>Az\u00facares: 0 g<\/li>\n<li>Prote\u00ednas: 0.2 g<\/li>\n<li>Sal: 0 g<\/li>\n<\/ul>\n<\/li>\n<li><strong>Al\u00e9rgenos<\/strong>: No contiene al\u00e9rgenos.<\/li>\n<\/ul>\n","protected":false},"excerpt":{"rendered":"<p>CAF\u00c9 TASSIMO FORTISSIMO 16 CAPSULAS Ingredientes: Caf\u00e9 100% tostado y molido. Informaci\u00f3n nutricional\u00a0(por 100 ml preparado): Energ\u00eda: 3 kcal Grasas: 0 g Hidratos de carbono: 0.2 g Az\u00facares: 0 g Prote\u00ednas: 0.2 g Sal: 0 g Al\u00e9rgenos: No contiene al\u00e9rgenos.<\/p>\n","protected":false},"featured_media":248478,"comment_status":"closed","ping_status":"closed","template":"","meta":[],"product_brand":[],"product_cat":[86],"product_tag":[],"class_list":{"0":"post-248477","1":"product","2":"type-product","3":"status-publish","4":"has-post-thumbnail","6":"product_cat-desayunos","8":"first","9":"instock","10":"shipping-taxable","11":"purchasable","12":"product-type-simple"},"_links":{"self":[{"href":"https:\/\/mentta.fastdelivery.es\/index.php\/wp-json\/wp\/v2\/product\/248477","targetHints":{"allow":["GET"]}}],"collection":[{"href":"https:\/\/mentta.fastdelivery.es\/index.php\/wp-json\/wp\/v2\/product"}],"about":[{"href":"https:\/\/mentta.fastdelivery.es\/index.php\/wp-json\/wp\/v2\/types\/product"}],"replies":[{"embeddable":true,"href":"https:\/\/mentta.fastdelivery.es\/index.php\/wp-json\/wp\/v2\/comments?post=248477"}],"wp:featuredmedia":[{"embeddable":true,"href":"https:\/\/mentta.fastdelivery.es\/index.php\/wp-json\/wp\/v2\/media\/248478"}],"wp:attachment":[{"href":"https:\/\/mentta.fastdelivery.es\/index.php\/wp-json\/wp\/v2\/media?parent=248477"}],"wp:term":[{"taxonomy":"product_brand","embeddable":true,"href":"https:\/\/mentta.fastdelivery.es\/index.php\/wp-json\/wp\/v2\/product_brand?post=248477"},{"taxonomy":"product_cat","embeddable":true,"href":"https:\/\/mentta.fastdelivery.es\/index.php\/wp-json\/wp\/v2\/product_cat?post=248477"},{"taxonomy":"product_tag","embeddable":true,"href":"https:\/\/mentta.fastdelivery.es\/index.php\/wp-json\/wp\/v2\/product_tag?post=248477"}],"curies":[{"name":"wp","href":"https:\/\/api.w.org\/{rel}","templated":true}]}}