{"id":248480,"date":"2024-08-18T10:18:09","date_gmt":"2024-08-18T08:18:09","guid":{"rendered":"https:\/\/mentta.fastdelivery.es\/?post_type=product&#038;p=248480"},"modified":"2026-03-10T17:15:30","modified_gmt":"2026-03-10T16:15:30","slug":"nesquik-12-kg","status":"publish","type":"product","link":"https:\/\/mentta.fastdelivery.es\/index.php\/producto\/nesquik-12-kg\/","title":{"rendered":"NESQUIK 1,2 KG"},"content":{"rendered":"<h3><strong>NESQUIK 1,2 KG<\/strong><\/h3>\n<ul>\n<li><strong>Ingredientes<\/strong>: Az\u00facar, cacao magro, maltodextrina, sal, lecitina de soja, vitaminas y minerales.<\/li>\n<li><strong>Informaci\u00f3n nutricional<\/strong>\u00a0(por 100 g):\n<ul>\n<li>Energ\u00eda: 379 kcal<\/li>\n<li>Grasas: 3.5 g<\/li>\n<li>Hidratos de carbono: 80 g<\/li>\n<li>Az\u00facares: 77 g<\/li>\n<li>Prote\u00ednas: 5.2 g<\/li>\n<li>Sal: 0.65 g<\/li>\n<\/ul>\n<\/li>\n<li><strong>Al\u00e9rgenos<\/strong>: Soja.<\/li>\n<li>Origen Espa\u00f1a<\/li>\n<\/ul>\n","protected":false},"excerpt":{"rendered":"<p>NESQUIK 1,2 KG Ingredientes: Az\u00facar, cacao magro, maltodextrina, sal, lecitina de soja, vitaminas y minerales. Informaci\u00f3n nutricional\u00a0(por 100 g): Energ\u00eda: 379 kcal Grasas: 3.5 g Hidratos de carbono: 80 g Az\u00facares: 77 g Prote\u00ednas: 5.2 g Sal: 0.65 g Al\u00e9rgenos: Soja. Origen Espa\u00f1a<\/p>\n","protected":false},"featured_media":247288,"comment_status":"closed","ping_status":"closed","template":"","meta":[],"product_brand":[],"product_cat":[72,86],"product_tag":[],"class_list":{"0":"post-248480","1":"product","2":"type-product","3":"status-publish","4":"has-post-thumbnail","6":"product_cat-azucar-caramelos-y-chocolate","7":"product_cat-desayunos","9":"first","10":"instock","11":"shipping-taxable","12":"purchasable","13":"product-type-simple"},"_links":{"self":[{"href":"https:\/\/mentta.fastdelivery.es\/index.php\/wp-json\/wp\/v2\/product\/248480","targetHints":{"allow":["GET"]}}],"collection":[{"href":"https:\/\/mentta.fastdelivery.es\/index.php\/wp-json\/wp\/v2\/product"}],"about":[{"href":"https:\/\/mentta.fastdelivery.es\/index.php\/wp-json\/wp\/v2\/types\/product"}],"replies":[{"embeddable":true,"href":"https:\/\/mentta.fastdelivery.es\/index.php\/wp-json\/wp\/v2\/comments?post=248480"}],"wp:featuredmedia":[{"embeddable":true,"href":"https:\/\/mentta.fastdelivery.es\/index.php\/wp-json\/wp\/v2\/media\/247288"}],"wp:attachment":[{"href":"https:\/\/mentta.fastdelivery.es\/index.php\/wp-json\/wp\/v2\/media?parent=248480"}],"wp:term":[{"taxonomy":"product_brand","embeddable":true,"href":"https:\/\/mentta.fastdelivery.es\/index.php\/wp-json\/wp\/v2\/product_brand?post=248480"},{"taxonomy":"product_cat","embeddable":true,"href":"https:\/\/mentta.fastdelivery.es\/index.php\/wp-json\/wp\/v2\/product_cat?post=248480"},{"taxonomy":"product_tag","embeddable":true,"href":"https:\/\/mentta.fastdelivery.es\/index.php\/wp-json\/wp\/v2\/product_tag?post=248480"}],"curies":[{"name":"wp","href":"https:\/\/api.w.org\/{rel}","templated":true}]}}