{"id":248481,"date":"2024-08-18T10:20:55","date_gmt":"2024-08-18T08:20:55","guid":{"rendered":"https:\/\/mentta.fastdelivery.es\/?post_type=product&#038;p=248481"},"modified":"2026-03-10T17:15:30","modified_gmt":"2026-03-10T16:15:30","slug":"chocolate-a-la-taza-valor-500gr","status":"publish","type":"product","link":"https:\/\/mentta.fastdelivery.es\/index.php\/producto\/chocolate-a-la-taza-valor-500gr\/","title":{"rendered":"CHOCOLATE A LA TAZA VALOR 500GR"},"content":{"rendered":"<h3><strong>CHOCOLATE A LA TAZA VALOR 500 GR<\/strong><\/h3>\n<ul>\n<li><strong>Ingredientes<\/strong>: Az\u00facar, cacao en polvo desgrasado, f\u00e9cula de ma\u00edz, cacao en pasta, aromas.<\/li>\n<li><strong>Informaci\u00f3n nutricional<\/strong>\u00a0(por 100 g):\n<ul>\n<li>Energ\u00eda: 348 kcal<\/li>\n<li>Grasas: 3.5 g<\/li>\n<li>Hidratos de carbono: 69 g<\/li>\n<li>Az\u00facares: 59 g<\/li>\n<li>Prote\u00ednas: 6.1 g<\/li>\n<li>Sal: 0.35 g<\/li>\n<\/ul>\n<\/li>\n<li><strong>Al\u00e9rgenos<\/strong>: Puede contener trazas de leche y frutos secos.<\/li>\n<li>Origen Espa\u00f1a<\/li>\n<\/ul>\n","protected":false},"excerpt":{"rendered":"<p>CHOCOLATE A LA TAZA VALOR 500 GR Ingredientes: Az\u00facar, cacao en polvo desgrasado, f\u00e9cula de ma\u00edz, cacao en pasta, aromas. Informaci\u00f3n nutricional\u00a0(por 100 g): Energ\u00eda: 348 kcal Grasas: 3.5 g Hidratos de carbono: 69 g Az\u00facares: 59 g Prote\u00ednas: 6.1 g Sal: 0.35 g Al\u00e9rgenos: Puede contener trazas de leche y frutos secos. Origen Espa\u00f1a<\/p>\n","protected":false},"featured_media":247290,"comment_status":"closed","ping_status":"closed","template":"","meta":[],"product_brand":[],"product_cat":[72,86],"product_tag":[],"class_list":{"0":"post-248481","1":"product","2":"type-product","3":"status-publish","4":"has-post-thumbnail","6":"product_cat-azucar-caramelos-y-chocolate","7":"product_cat-desayunos","9":"first","10":"instock","11":"shipping-taxable","12":"purchasable","13":"product-type-simple"},"_links":{"self":[{"href":"https:\/\/mentta.fastdelivery.es\/index.php\/wp-json\/wp\/v2\/product\/248481","targetHints":{"allow":["GET"]}}],"collection":[{"href":"https:\/\/mentta.fastdelivery.es\/index.php\/wp-json\/wp\/v2\/product"}],"about":[{"href":"https:\/\/mentta.fastdelivery.es\/index.php\/wp-json\/wp\/v2\/types\/product"}],"replies":[{"embeddable":true,"href":"https:\/\/mentta.fastdelivery.es\/index.php\/wp-json\/wp\/v2\/comments?post=248481"}],"wp:featuredmedia":[{"embeddable":true,"href":"https:\/\/mentta.fastdelivery.es\/index.php\/wp-json\/wp\/v2\/media\/247290"}],"wp:attachment":[{"href":"https:\/\/mentta.fastdelivery.es\/index.php\/wp-json\/wp\/v2\/media?parent=248481"}],"wp:term":[{"taxonomy":"product_brand","embeddable":true,"href":"https:\/\/mentta.fastdelivery.es\/index.php\/wp-json\/wp\/v2\/product_brand?post=248481"},{"taxonomy":"product_cat","embeddable":true,"href":"https:\/\/mentta.fastdelivery.es\/index.php\/wp-json\/wp\/v2\/product_cat?post=248481"},{"taxonomy":"product_tag","embeddable":true,"href":"https:\/\/mentta.fastdelivery.es\/index.php\/wp-json\/wp\/v2\/product_tag?post=248481"}],"curies":[{"name":"wp","href":"https:\/\/api.w.org\/{rel}","templated":true}]}}