{"id":248484,"date":"2024-08-18T10:24:18","date_gmt":"2024-08-18T08:24:18","guid":{"rendered":"https:\/\/mentta.fastdelivery.es\/?post_type=product&#038;p=248484"},"modified":"2026-03-10T17:15:30","modified_gmt":"2026-03-10T16:15:30","slug":"kelloggs-all-bran-plus-375gr","status":"publish","type":"product","link":"https:\/\/mentta.fastdelivery.es\/index.php\/producto\/kelloggs-all-bran-plus-375gr\/","title":{"rendered":"KELLOGG&#8217;S ALL-BRAN PLUS 375GR"},"content":{"rendered":"<h3><strong>KELLOGG&#8217;S ALL-BRAN PLUS 375GR<\/strong><\/h3>\n<ul>\n<li><strong>Ingredientes<\/strong>: Salvado de trigo (87%), az\u00facar, jarabe de malta de cebada, sal, vitaminas y minerales.<\/li>\n<li><strong>Informaci\u00f3n nutricional<\/strong>\u00a0(por 100 g):\n<ul>\n<li>Energ\u00eda: 320 kcal<\/li>\n<li>Grasas: 3.5 g<\/li>\n<li>Hidratos de carbono: 48 g<\/li>\n<li>Az\u00facares: 18 g<\/li>\n<li>Fibra: 27 g<\/li>\n<li>Prote\u00ednas: 11 g<\/li>\n<li>Sal: 0.8 g<\/li>\n<\/ul>\n<\/li>\n<li><strong>Al\u00e9rgenos<\/strong>: Trigo, cebada.<\/li>\n<li>Origen Espa\u00f1a<\/li>\n<\/ul>\n","protected":false},"excerpt":{"rendered":"<p>KELLOGG&#8217;S ALL-BRAN PLUS 375GR Ingredientes: Salvado de trigo (87%), az\u00facar, jarabe de malta de cebada, sal, vitaminas y minerales. Informaci\u00f3n nutricional\u00a0(por 100 g): Energ\u00eda: 320 kcal Grasas: 3.5 g Hidratos de carbono: 48 g Az\u00facares: 18 g Fibra: 27 g Prote\u00ednas: 11 g Sal: 0.8 g Al\u00e9rgenos: Trigo, cebada. Origen Espa\u00f1a<\/p>\n","protected":false},"featured_media":247292,"comment_status":"closed","ping_status":"closed","template":"","meta":[],"product_brand":[],"product_cat":[86],"product_tag":[],"class_list":{"0":"post-248484","1":"product","2":"type-product","3":"status-publish","4":"has-post-thumbnail","6":"product_cat-desayunos","8":"first","9":"instock","10":"shipping-taxable","11":"purchasable","12":"product-type-simple"},"_links":{"self":[{"href":"https:\/\/mentta.fastdelivery.es\/index.php\/wp-json\/wp\/v2\/product\/248484","targetHints":{"allow":["GET"]}}],"collection":[{"href":"https:\/\/mentta.fastdelivery.es\/index.php\/wp-json\/wp\/v2\/product"}],"about":[{"href":"https:\/\/mentta.fastdelivery.es\/index.php\/wp-json\/wp\/v2\/types\/product"}],"replies":[{"embeddable":true,"href":"https:\/\/mentta.fastdelivery.es\/index.php\/wp-json\/wp\/v2\/comments?post=248484"}],"wp:featuredmedia":[{"embeddable":true,"href":"https:\/\/mentta.fastdelivery.es\/index.php\/wp-json\/wp\/v2\/media\/247292"}],"wp:attachment":[{"href":"https:\/\/mentta.fastdelivery.es\/index.php\/wp-json\/wp\/v2\/media?parent=248484"}],"wp:term":[{"taxonomy":"product_brand","embeddable":true,"href":"https:\/\/mentta.fastdelivery.es\/index.php\/wp-json\/wp\/v2\/product_brand?post=248484"},{"taxonomy":"product_cat","embeddable":true,"href":"https:\/\/mentta.fastdelivery.es\/index.php\/wp-json\/wp\/v2\/product_cat?post=248484"},{"taxonomy":"product_tag","embeddable":true,"href":"https:\/\/mentta.fastdelivery.es\/index.php\/wp-json\/wp\/v2\/product_tag?post=248484"}],"curies":[{"name":"wp","href":"https:\/\/api.w.org\/{rel}","templated":true}]}}