{"id":248487,"date":"2024-08-18T10:28:58","date_gmt":"2024-08-18T08:28:58","guid":{"rendered":"https:\/\/mentta.fastdelivery.es\/?post_type=product&#038;p=248487"},"modified":"2026-03-10T17:15:30","modified_gmt":"2026-03-10T16:15:30","slug":"kelloggs-choco-crispis-420-gr","status":"publish","type":"product","link":"https:\/\/mentta.fastdelivery.es\/index.php\/producto\/kelloggs-choco-crispis-420-gr\/","title":{"rendered":"KELLOGG&#8217;S CHOCO CRISPIS 420 GR"},"content":{"rendered":"<h3><strong>KELLOGG&#8217;S CHOCO CRISPIS 420 GR<\/strong><\/h3>\n<ul>\n<li><strong>Ingredientes<\/strong>: Arroz, az\u00facar, cacao en polvo, jarabe de glucosa, sal, aromas, vitaminas y minerales.<\/li>\n<li><strong>Informaci\u00f3n nutricional<\/strong>\u00a0(por 100 g):\n<ul>\n<li>Energ\u00eda: 386 kcal<\/li>\n<li>Grasas: 1.9 g<\/li>\n<li>Hidratos de carbono: 85 g<\/li>\n<li>Az\u00facares: 37 g<\/li>\n<li>Prote\u00ednas: 6.3 g<\/li>\n<li>Sal: 1.2 g<\/li>\n<\/ul>\n<\/li>\n<li><strong>Al\u00e9rgenos<\/strong>: Puede contener leche.<\/li>\n<li>Origen Espa\u00f1a<\/li>\n<\/ul>\n","protected":false},"excerpt":{"rendered":"<p>KELLOGG&#8217;S CHOCO CRISPIS 420 GR Ingredientes: Arroz, az\u00facar, cacao en polvo, jarabe de glucosa, sal, aromas, vitaminas y minerales. Informaci\u00f3n nutricional\u00a0(por 100 g): Energ\u00eda: 386 kcal Grasas: 1.9 g Hidratos de carbono: 85 g Az\u00facares: 37 g Prote\u00ednas: 6.3 g Sal: 1.2 g Al\u00e9rgenos: Puede contener leche. Origen Espa\u00f1a<\/p>\n","protected":false},"featured_media":248488,"comment_status":"closed","ping_status":"closed","template":"","meta":[],"product_brand":[],"product_cat":[86],"product_tag":[],"class_list":{"0":"post-248487","1":"product","2":"type-product","3":"status-publish","4":"has-post-thumbnail","6":"product_cat-desayunos","8":"first","9":"instock","10":"shipping-taxable","11":"purchasable","12":"product-type-simple"},"_links":{"self":[{"href":"https:\/\/mentta.fastdelivery.es\/index.php\/wp-json\/wp\/v2\/product\/248487","targetHints":{"allow":["GET"]}}],"collection":[{"href":"https:\/\/mentta.fastdelivery.es\/index.php\/wp-json\/wp\/v2\/product"}],"about":[{"href":"https:\/\/mentta.fastdelivery.es\/index.php\/wp-json\/wp\/v2\/types\/product"}],"replies":[{"embeddable":true,"href":"https:\/\/mentta.fastdelivery.es\/index.php\/wp-json\/wp\/v2\/comments?post=248487"}],"wp:featuredmedia":[{"embeddable":true,"href":"https:\/\/mentta.fastdelivery.es\/index.php\/wp-json\/wp\/v2\/media\/248488"}],"wp:attachment":[{"href":"https:\/\/mentta.fastdelivery.es\/index.php\/wp-json\/wp\/v2\/media?parent=248487"}],"wp:term":[{"taxonomy":"product_brand","embeddable":true,"href":"https:\/\/mentta.fastdelivery.es\/index.php\/wp-json\/wp\/v2\/product_brand?post=248487"},{"taxonomy":"product_cat","embeddable":true,"href":"https:\/\/mentta.fastdelivery.es\/index.php\/wp-json\/wp\/v2\/product_cat?post=248487"},{"taxonomy":"product_tag","embeddable":true,"href":"https:\/\/mentta.fastdelivery.es\/index.php\/wp-json\/wp\/v2\/product_tag?post=248487"}],"curies":[{"name":"wp","href":"https:\/\/api.w.org\/{rel}","templated":true}]}}