{"id":248491,"date":"2024-08-18T10:33:58","date_gmt":"2024-08-18T08:33:58","guid":{"rendered":"https:\/\/mentta.fastdelivery.es\/?post_type=product&#038;p=248491"},"modified":"2026-03-10T17:15:30","modified_gmt":"2026-03-10T16:15:30","slug":"magdalenas-la-bella-easo-460gr","status":"publish","type":"product","link":"https:\/\/mentta.fastdelivery.es\/index.php\/producto\/magdalenas-la-bella-easo-460gr\/","title":{"rendered":"MAGDALENAS LA BELLA EASO 460GR"},"content":{"rendered":"<h3><strong>MAGDALENAS LA BELLA EASO 460GR<\/strong><\/h3>\n<ul>\n<li><strong>Ingredientes<\/strong>: Harina de trigo, az\u00facar, aceite de girasol, huevo, leche, jarabe de glucosa-fructosa, humectante (E422), gasificantes (E450i, E500ii), aroma, sal.<\/li>\n<li><strong>Informaci\u00f3n nutricional<\/strong>\u00a0(por 100 g):\n<ul>\n<li>Energ\u00eda: 422 kcal<\/li>\n<li>Grasas: 22 g<\/li>\n<li>Hidratos de carbono: 52 g<\/li>\n<li>Az\u00facares: 28 g<\/li>\n<li>Fibra: 1.2 g<\/li>\n<li>Prote\u00ednas: 6.4 g<\/li>\n<li>Sal: 0.70 g<\/li>\n<\/ul>\n<\/li>\n<li><strong>Al\u00e9rgenos<\/strong>: Contiene trigo (gluten), huevo, leche. Puede contener trazas de soja y frutos secos.<\/li>\n<li>Origen Espa\u00f1a<\/li>\n<\/ul>\n","protected":false},"excerpt":{"rendered":"<p>MAGDALENAS LA BELLA EASO 460GR Ingredientes: Harina de trigo, az\u00facar, aceite de girasol, huevo, leche, jarabe de glucosa-fructosa, humectante (E422), gasificantes (E450i, E500ii), aroma, sal. Informaci\u00f3n nutricional\u00a0(por 100 g): Energ\u00eda: 422 kcal Grasas: 22 g Hidratos de carbono: 52 g Az\u00facares: 28 g Fibra: 1.2 g Prote\u00ednas: 6.4 g Sal: 0.70 g Al\u00e9rgenos: Contiene trigo [&hellip;]<\/p>\n","protected":false},"featured_media":247302,"comment_status":"closed","ping_status":"closed","template":"","meta":[],"product_brand":[],"product_cat":[86],"product_tag":[],"class_list":{"0":"post-248491","1":"product","2":"type-product","3":"status-publish","4":"has-post-thumbnail","6":"product_cat-desayunos","8":"first","9":"instock","10":"shipping-taxable","11":"purchasable","12":"product-type-simple"},"_links":{"self":[{"href":"https:\/\/mentta.fastdelivery.es\/index.php\/wp-json\/wp\/v2\/product\/248491","targetHints":{"allow":["GET"]}}],"collection":[{"href":"https:\/\/mentta.fastdelivery.es\/index.php\/wp-json\/wp\/v2\/product"}],"about":[{"href":"https:\/\/mentta.fastdelivery.es\/index.php\/wp-json\/wp\/v2\/types\/product"}],"replies":[{"embeddable":true,"href":"https:\/\/mentta.fastdelivery.es\/index.php\/wp-json\/wp\/v2\/comments?post=248491"}],"wp:featuredmedia":[{"embeddable":true,"href":"https:\/\/mentta.fastdelivery.es\/index.php\/wp-json\/wp\/v2\/media\/247302"}],"wp:attachment":[{"href":"https:\/\/mentta.fastdelivery.es\/index.php\/wp-json\/wp\/v2\/media?parent=248491"}],"wp:term":[{"taxonomy":"product_brand","embeddable":true,"href":"https:\/\/mentta.fastdelivery.es\/index.php\/wp-json\/wp\/v2\/product_brand?post=248491"},{"taxonomy":"product_cat","embeddable":true,"href":"https:\/\/mentta.fastdelivery.es\/index.php\/wp-json\/wp\/v2\/product_cat?post=248491"},{"taxonomy":"product_tag","embeddable":true,"href":"https:\/\/mentta.fastdelivery.es\/index.php\/wp-json\/wp\/v2\/product_tag?post=248491"}],"curies":[{"name":"wp","href":"https:\/\/api.w.org\/{rel}","templated":true}]}}