{"id":248494,"date":"2024-08-18T10:36:33","date_gmt":"2024-08-18T08:36:33","guid":{"rendered":"https:\/\/mentta.fastdelivery.es\/?post_type=product&#038;p=248494"},"modified":"2026-03-10T17:15:30","modified_gmt":"2026-03-10T16:15:30","slug":"croissan-la-bella-easo-8ud","status":"publish","type":"product","link":"https:\/\/mentta.fastdelivery.es\/index.php\/producto\/croissan-la-bella-easo-8ud\/","title":{"rendered":"CROISSAN LA BELLA EASO 8UD"},"content":{"rendered":"<h3><strong>CROISSAN LA BELLA EASO 8UD<\/strong><\/h3>\n<ul>\n<li><strong>Ingredientes<\/strong>: Harina de trigo, mantequilla (leche), az\u00facar, agua, levadura, huevo, sal, emulgentes (E471, E472e), conservador (E282).<\/li>\n<li><strong>Informaci\u00f3n nutricional<\/strong>\u00a0(por 100 g):\n<ul>\n<li>Energ\u00eda: 420 kcal<\/li>\n<li>Grasas: 23 g<\/li>\n<li>Hidratos de carbono: 47 g<\/li>\n<li>Az\u00facares: 15 g<\/li>\n<li>Fibra: 2.3 g<\/li>\n<li>Prote\u00ednas: 6.5 g<\/li>\n<li>Sal: 0.70 g<\/li>\n<\/ul>\n<\/li>\n<li><strong>Al\u00e9rgenos<\/strong>: Contiene trigo (gluten), leche, huevo. Puede contener trazas de soja y frutos secos<\/li>\n<li>Origen Espa\u00f1a<\/li>\n<\/ul>\n","protected":false},"excerpt":{"rendered":"<p>CROISSAN LA BELLA EASO 8UD Ingredientes: Harina de trigo, mantequilla (leche), az\u00facar, agua, levadura, huevo, sal, emulgentes (E471, E472e), conservador (E282). Informaci\u00f3n nutricional\u00a0(por 100 g): Energ\u00eda: 420 kcal Grasas: 23 g Hidratos de carbono: 47 g Az\u00facares: 15 g Fibra: 2.3 g Prote\u00ednas: 6.5 g Sal: 0.70 g Al\u00e9rgenos: Contiene trigo (gluten), leche, huevo. Puede [&hellip;]<\/p>\n","protected":false},"featured_media":247304,"comment_status":"closed","ping_status":"closed","template":"","meta":[],"product_brand":[],"product_cat":[86],"product_tag":[],"class_list":{"0":"post-248494","1":"product","2":"type-product","3":"status-publish","4":"has-post-thumbnail","6":"product_cat-desayunos","8":"first","9":"instock","10":"shipping-taxable","11":"purchasable","12":"product-type-simple"},"_links":{"self":[{"href":"https:\/\/mentta.fastdelivery.es\/index.php\/wp-json\/wp\/v2\/product\/248494","targetHints":{"allow":["GET"]}}],"collection":[{"href":"https:\/\/mentta.fastdelivery.es\/index.php\/wp-json\/wp\/v2\/product"}],"about":[{"href":"https:\/\/mentta.fastdelivery.es\/index.php\/wp-json\/wp\/v2\/types\/product"}],"replies":[{"embeddable":true,"href":"https:\/\/mentta.fastdelivery.es\/index.php\/wp-json\/wp\/v2\/comments?post=248494"}],"wp:featuredmedia":[{"embeddable":true,"href":"https:\/\/mentta.fastdelivery.es\/index.php\/wp-json\/wp\/v2\/media\/247304"}],"wp:attachment":[{"href":"https:\/\/mentta.fastdelivery.es\/index.php\/wp-json\/wp\/v2\/media?parent=248494"}],"wp:term":[{"taxonomy":"product_brand","embeddable":true,"href":"https:\/\/mentta.fastdelivery.es\/index.php\/wp-json\/wp\/v2\/product_brand?post=248494"},{"taxonomy":"product_cat","embeddable":true,"href":"https:\/\/mentta.fastdelivery.es\/index.php\/wp-json\/wp\/v2\/product_cat?post=248494"},{"taxonomy":"product_tag","embeddable":true,"href":"https:\/\/mentta.fastdelivery.es\/index.php\/wp-json\/wp\/v2\/product_tag?post=248494"}],"curies":[{"name":"wp","href":"https:\/\/api.w.org\/{rel}","templated":true}]}}