{"id":248499,"date":"2024-08-18T10:50:46","date_gmt":"2024-08-18T08:50:46","guid":{"rendered":"https:\/\/mentta.fastdelivery.es\/?post_type=product&#038;p=248499"},"modified":"2026-03-10T17:15:30","modified_gmt":"2026-03-10T16:15:30","slug":"vinagre-jerez-borges-250-ml","status":"publish","type":"product","link":"https:\/\/mentta.fastdelivery.es\/index.php\/producto\/vinagre-jerez-borges-250-ml\/","title":{"rendered":"VINAGRE JEREZ BORGES 250 ML"},"content":{"rendered":"<h3><strong>VINAGRE JEREZ BORGES 250 ML<\/strong><\/h3>\n<ul>\n<li><strong>Ingredientes<\/strong>: Vinagre de Jerez (7% acidez).<\/li>\n<li><strong>Informaci\u00f3n nutricional<\/strong>\u00a0(por 100 ml):\n<ul>\n<li>Energ\u00eda: 8 kcal<\/li>\n<li>Grasas: 0 g<\/li>\n<li>Hidratos de carbono: 0.4 g<\/li>\n<li>Az\u00facares: 0.2 g<\/li>\n<li>Prote\u00ednas: 0 g<\/li>\n<li>Sal: 0 g<\/li>\n<\/ul>\n<\/li>\n<li><strong>Al\u00e9rgenos<\/strong>: No contiene al\u00e9rgenos.<\/li>\n<li>Origen Espa\u00f1a<\/li>\n<\/ul>\n","protected":false},"excerpt":{"rendered":"<p>VINAGRE JEREZ BORGES 250 ML Ingredientes: Vinagre de Jerez (7% acidez). Informaci\u00f3n nutricional\u00a0(por 100 ml): Energ\u00eda: 8 kcal Grasas: 0 g Hidratos de carbono: 0.4 g Az\u00facares: 0.2 g Prote\u00ednas: 0 g Sal: 0 g Al\u00e9rgenos: No contiene al\u00e9rgenos. Origen Espa\u00f1a<\/p>\n","protected":false},"featured_media":247310,"comment_status":"closed","ping_status":"closed","template":"","meta":[],"product_brand":[],"product_cat":[35],"product_tag":[],"class_list":{"0":"post-248499","1":"product","2":"type-product","3":"status-publish","4":"has-post-thumbnail","6":"product_cat-gourmet","8":"first","9":"instock","10":"shipping-taxable","11":"purchasable","12":"product-type-simple"},"_links":{"self":[{"href":"https:\/\/mentta.fastdelivery.es\/index.php\/wp-json\/wp\/v2\/product\/248499","targetHints":{"allow":["GET"]}}],"collection":[{"href":"https:\/\/mentta.fastdelivery.es\/index.php\/wp-json\/wp\/v2\/product"}],"about":[{"href":"https:\/\/mentta.fastdelivery.es\/index.php\/wp-json\/wp\/v2\/types\/product"}],"replies":[{"embeddable":true,"href":"https:\/\/mentta.fastdelivery.es\/index.php\/wp-json\/wp\/v2\/comments?post=248499"}],"wp:featuredmedia":[{"embeddable":true,"href":"https:\/\/mentta.fastdelivery.es\/index.php\/wp-json\/wp\/v2\/media\/247310"}],"wp:attachment":[{"href":"https:\/\/mentta.fastdelivery.es\/index.php\/wp-json\/wp\/v2\/media?parent=248499"}],"wp:term":[{"taxonomy":"product_brand","embeddable":true,"href":"https:\/\/mentta.fastdelivery.es\/index.php\/wp-json\/wp\/v2\/product_brand?post=248499"},{"taxonomy":"product_cat","embeddable":true,"href":"https:\/\/mentta.fastdelivery.es\/index.php\/wp-json\/wp\/v2\/product_cat?post=248499"},{"taxonomy":"product_tag","embeddable":true,"href":"https:\/\/mentta.fastdelivery.es\/index.php\/wp-json\/wp\/v2\/product_tag?post=248499"}],"curies":[{"name":"wp","href":"https:\/\/api.w.org\/{rel}","templated":true}]}}