{"id":248500,"date":"2024-08-18T11:38:09","date_gmt":"2024-08-18T09:38:09","guid":{"rendered":"https:\/\/mentta.fastdelivery.es\/?post_type=product&#038;p=248500"},"modified":"2026-03-10T17:15:30","modified_gmt":"2026-03-10T16:15:30","slug":"oreja-adobada-500gr","status":"publish","type":"product","link":"https:\/\/mentta.fastdelivery.es\/index.php\/producto\/oreja-adobada-500gr\/","title":{"rendered":"OREJA ADOBADA 500GR"},"content":{"rendered":"<h3><strong>OREJA ADOBADA 500GR<\/strong><\/h3>\n<ul>\n<li><strong>Ingredientes<\/strong>: Oreja de cerdo, piment\u00f3n, ajo, sal, especias, conservadores (E250, E252).<\/li>\n<li><strong>Informaci\u00f3n nutricional<\/strong>\u00a0(por 100 g):\n<ul>\n<li>Energ\u00eda: 180 kcal<\/li>\n<li>Grasas: 14 g<\/li>\n<li>Hidratos de carbono: 1 g<\/li>\n<li>Az\u00facares: 0.5 g<\/li>\n<li>Prote\u00ednas: 14 g<\/li>\n<li>Sal: 1.5 g<\/li>\n<\/ul>\n<\/li>\n<li><strong>Al\u00e9rgenos<\/strong>: Puede contener trazas de gluten.<\/li>\n<li>Origen Espa\u00f1a<\/li>\n<\/ul>\n","protected":false},"excerpt":{"rendered":"<p>OREJA ADOBADA 500GR Ingredientes: Oreja de cerdo, piment\u00f3n, ajo, sal, especias, conservadores (E250, E252). Informaci\u00f3n nutricional\u00a0(por 100 g): Energ\u00eda: 180 kcal Grasas: 14 g Hidratos de carbono: 1 g Az\u00facares: 0.5 g Prote\u00ednas: 14 g Sal: 1.5 g Al\u00e9rgenos: Puede contener trazas de gluten. Origen Espa\u00f1a<\/p>\n","protected":false},"featured_media":247314,"comment_status":"closed","ping_status":"closed","template":"","meta":[],"product_brand":[],"product_cat":[87],"product_tag":[],"class_list":{"0":"post-248500","1":"product","2":"type-product","3":"status-publish","4":"has-post-thumbnail","6":"product_cat-uncategorized","8":"first","9":"instock","10":"shipping-taxable","11":"purchasable","12":"product-type-simple"},"_links":{"self":[{"href":"https:\/\/mentta.fastdelivery.es\/index.php\/wp-json\/wp\/v2\/product\/248500","targetHints":{"allow":["GET"]}}],"collection":[{"href":"https:\/\/mentta.fastdelivery.es\/index.php\/wp-json\/wp\/v2\/product"}],"about":[{"href":"https:\/\/mentta.fastdelivery.es\/index.php\/wp-json\/wp\/v2\/types\/product"}],"replies":[{"embeddable":true,"href":"https:\/\/mentta.fastdelivery.es\/index.php\/wp-json\/wp\/v2\/comments?post=248500"}],"wp:featuredmedia":[{"embeddable":true,"href":"https:\/\/mentta.fastdelivery.es\/index.php\/wp-json\/wp\/v2\/media\/247314"}],"wp:attachment":[{"href":"https:\/\/mentta.fastdelivery.es\/index.php\/wp-json\/wp\/v2\/media?parent=248500"}],"wp:term":[{"taxonomy":"product_brand","embeddable":true,"href":"https:\/\/mentta.fastdelivery.es\/index.php\/wp-json\/wp\/v2\/product_brand?post=248500"},{"taxonomy":"product_cat","embeddable":true,"href":"https:\/\/mentta.fastdelivery.es\/index.php\/wp-json\/wp\/v2\/product_cat?post=248500"},{"taxonomy":"product_tag","embeddable":true,"href":"https:\/\/mentta.fastdelivery.es\/index.php\/wp-json\/wp\/v2\/product_tag?post=248500"}],"curies":[{"name":"wp","href":"https:\/\/api.w.org\/{rel}","templated":true}]}}