{"id":248502,"date":"2024-08-18T11:43:36","date_gmt":"2024-08-18T09:43:36","guid":{"rendered":"https:\/\/mentta.fastdelivery.es\/?post_type=product&#038;p=248502"},"modified":"2026-03-10T17:15:30","modified_gmt":"2026-03-10T16:15:30","slug":"queso-de-rulo-de-cabra-president-180gr","status":"publish","type":"product","link":"https:\/\/mentta.fastdelivery.es\/index.php\/producto\/queso-de-rulo-de-cabra-president-180gr\/","title":{"rendered":"QUESO DE RULO DE CABRA PRESIDENT 180GR"},"content":{"rendered":"<h3><strong>QUESO DE RULO DE CABRA PRESIDENT 180GR<\/strong><\/h3>\n<ul>\n<li><strong>Ingredientes<\/strong>: Leche de cabra pasteurizada, sal, fermentos l\u00e1cticos, cuajo.<\/li>\n<li><strong>Informaci\u00f3n nutricional<\/strong>\u00a0(por 100 g):\n<ul>\n<li>Energ\u00eda: 310 kcal<\/li>\n<li>Grasas: 26 g<\/li>\n<li>Hidratos de carbono: 0.5 g<\/li>\n<li>Az\u00facares: 0.5 g<\/li>\n<li>Prote\u00ednas: 18 g<\/li>\n<li>Sal: 1.5 g<\/li>\n<\/ul>\n<\/li>\n<li><strong>Al\u00e9rgenos<\/strong>: Contiene leche (lactosa).<\/li>\n<li>Origen Espa\u00f1a<\/li>\n<\/ul>\n","protected":false},"excerpt":{"rendered":"<p>QUESO DE RULO DE CABRA PRESIDENT 180GR Ingredientes: Leche de cabra pasteurizada, sal, fermentos l\u00e1cticos, cuajo. Informaci\u00f3n nutricional\u00a0(por 100 g): Energ\u00eda: 310 kcal Grasas: 26 g Hidratos de carbono: 0.5 g Az\u00facares: 0.5 g Prote\u00ednas: 18 g Sal: 1.5 g Al\u00e9rgenos: Contiene leche (lactosa). Origen Espa\u00f1a<\/p>\n","protected":false},"featured_media":247319,"comment_status":"closed","ping_status":"closed","template":"","meta":[],"product_brand":[],"product_cat":[56],"product_tag":[],"class_list":{"0":"post-248502","1":"product","2":"type-product","3":"status-publish","4":"has-post-thumbnail","6":"product_cat-quesos","8":"first","9":"instock","10":"shipping-taxable","11":"purchasable","12":"product-type-simple"},"_links":{"self":[{"href":"https:\/\/mentta.fastdelivery.es\/index.php\/wp-json\/wp\/v2\/product\/248502","targetHints":{"allow":["GET"]}}],"collection":[{"href":"https:\/\/mentta.fastdelivery.es\/index.php\/wp-json\/wp\/v2\/product"}],"about":[{"href":"https:\/\/mentta.fastdelivery.es\/index.php\/wp-json\/wp\/v2\/types\/product"}],"replies":[{"embeddable":true,"href":"https:\/\/mentta.fastdelivery.es\/index.php\/wp-json\/wp\/v2\/comments?post=248502"}],"wp:featuredmedia":[{"embeddable":true,"href":"https:\/\/mentta.fastdelivery.es\/index.php\/wp-json\/wp\/v2\/media\/247319"}],"wp:attachment":[{"href":"https:\/\/mentta.fastdelivery.es\/index.php\/wp-json\/wp\/v2\/media?parent=248502"}],"wp:term":[{"taxonomy":"product_brand","embeddable":true,"href":"https:\/\/mentta.fastdelivery.es\/index.php\/wp-json\/wp\/v2\/product_brand?post=248502"},{"taxonomy":"product_cat","embeddable":true,"href":"https:\/\/mentta.fastdelivery.es\/index.php\/wp-json\/wp\/v2\/product_cat?post=248502"},{"taxonomy":"product_tag","embeddable":true,"href":"https:\/\/mentta.fastdelivery.es\/index.php\/wp-json\/wp\/v2\/product_tag?post=248502"}],"curies":[{"name":"wp","href":"https:\/\/api.w.org\/{rel}","templated":true}]}}