{"id":248505,"date":"2024-08-18T11:47:12","date_gmt":"2024-08-18T09:47:12","guid":{"rendered":"https:\/\/mentta.fastdelivery.es\/?post_type=product&#038;p=248505"},"modified":"2026-03-10T17:15:30","modified_gmt":"2026-03-10T16:15:30","slug":"queso-rallado-el-caserio-80-gr","status":"publish","type":"product","link":"https:\/\/mentta.fastdelivery.es\/index.php\/producto\/queso-rallado-el-caserio-80-gr\/","title":{"rendered":"QUESO RALLADO EL CASERIO 80 GR"},"content":{"rendered":"<h3><strong>QUESO RALLADO EL CASERIO 80 GR<\/strong><\/h3>\n<ul>\n<li><strong>Ingredientes<\/strong>: Mezcla de quesos (leche pasteurizada de vaca, cuajo, fermentos l\u00e1cticos, sal), antiaglomerante (E460).<\/li>\n<li><strong>Informaci\u00f3n nutricional<\/strong>\u00a0(por 100 g):\n<ul>\n<li>Energ\u00eda: 370 kcal<\/li>\n<li>Grasas: 30 g<\/li>\n<li>Hidratos de carbono: 2 g<\/li>\n<li>Az\u00facares: 1 g<\/li>\n<li>Prote\u00ednas: 24 g<\/li>\n<li>Sal: 1.5 g<\/li>\n<\/ul>\n<\/li>\n<li><strong>Al\u00e9rgenos<\/strong>: Contiene leche (lactosa).<\/li>\n<li>Origen Espa\u00f1a<\/li>\n<\/ul>\n","protected":false},"excerpt":{"rendered":"<p>QUESO RALLADO EL CASERIO 80 GR Ingredientes: Mezcla de quesos (leche pasteurizada de vaca, cuajo, fermentos l\u00e1cticos, sal), antiaglomerante (E460). Informaci\u00f3n nutricional\u00a0(por 100 g): Energ\u00eda: 370 kcal Grasas: 30 g Hidratos de carbono: 2 g Az\u00facares: 1 g Prote\u00ednas: 24 g Sal: 1.5 g Al\u00e9rgenos: Contiene leche (lactosa). Origen Espa\u00f1a<\/p>\n","protected":false},"featured_media":247325,"comment_status":"closed","ping_status":"closed","template":"","meta":[],"product_brand":[],"product_cat":[56],"product_tag":[],"class_list":{"0":"post-248505","1":"product","2":"type-product","3":"status-publish","4":"has-post-thumbnail","6":"product_cat-quesos","8":"first","9":"instock","10":"shipping-taxable","11":"purchasable","12":"product-type-simple"},"_links":{"self":[{"href":"https:\/\/mentta.fastdelivery.es\/index.php\/wp-json\/wp\/v2\/product\/248505","targetHints":{"allow":["GET"]}}],"collection":[{"href":"https:\/\/mentta.fastdelivery.es\/index.php\/wp-json\/wp\/v2\/product"}],"about":[{"href":"https:\/\/mentta.fastdelivery.es\/index.php\/wp-json\/wp\/v2\/types\/product"}],"replies":[{"embeddable":true,"href":"https:\/\/mentta.fastdelivery.es\/index.php\/wp-json\/wp\/v2\/comments?post=248505"}],"wp:featuredmedia":[{"embeddable":true,"href":"https:\/\/mentta.fastdelivery.es\/index.php\/wp-json\/wp\/v2\/media\/247325"}],"wp:attachment":[{"href":"https:\/\/mentta.fastdelivery.es\/index.php\/wp-json\/wp\/v2\/media?parent=248505"}],"wp:term":[{"taxonomy":"product_brand","embeddable":true,"href":"https:\/\/mentta.fastdelivery.es\/index.php\/wp-json\/wp\/v2\/product_brand?post=248505"},{"taxonomy":"product_cat","embeddable":true,"href":"https:\/\/mentta.fastdelivery.es\/index.php\/wp-json\/wp\/v2\/product_cat?post=248505"},{"taxonomy":"product_tag","embeddable":true,"href":"https:\/\/mentta.fastdelivery.es\/index.php\/wp-json\/wp\/v2\/product_tag?post=248505"}],"curies":[{"name":"wp","href":"https:\/\/api.w.org\/{rel}","templated":true}]}}