{"id":248520,"date":"2024-11-07T17:34:29","date_gmt":"2024-11-07T16:34:29","guid":{"rendered":"https:\/\/mentta.fastdelivery.es\/?post_type=product&#038;p=248520"},"modified":"2026-03-10T17:15:29","modified_gmt":"2026-03-10T16:15:29","slug":"sos-valencia","status":"publish","type":"product","link":"https:\/\/mentta.fastdelivery.es\/index.php\/producto\/sos-valencia\/","title":{"rendered":"SOS VALENCIA"},"content":{"rendered":"<p>Miles de personas necesitan nuestra ayuda urgente. Con solo <strong>3\u20ac<\/strong>, puedes hacer una gran diferencia. Estos fondos ser\u00e1n destinados a enviar <strong>insumos de primera necesidad<\/strong> para quienes m\u00e1s lo necesitan en este momento cr\u00edtico.<\/p>\n<p>\ud83e\udd1d <strong>Un peque\u00f1o gesto, un gran impacto.<\/strong><br \/>\nHaz tu donaci\u00f3n y muestra tu solidaridad con Valencia. \u2764\ufe0f<\/p>\n<p>\u00a1Gracias por ser parte del cambio! \ud83d\ude4c<\/p>\n","protected":false},"excerpt":{"rendered":"<p>Miles de personas necesitan nuestra ayuda urgente. Con solo 3\u20ac, puedes hacer una gran diferencia. Estos fondos ser\u00e1n destinados a enviar insumos de primera necesidad para quienes m\u00e1s lo necesitan en este momento cr\u00edtico. \ud83e\udd1d Un peque\u00f1o gesto, un gran impacto. Haz tu donaci\u00f3n y muestra tu solidaridad con Valencia. \u2764\ufe0f \u00a1Gracias por ser parte [&hellip;]<\/p>\n","protected":false},"featured_media":247343,"comment_status":"open","ping_status":"closed","template":"","meta":[],"product_brand":[],"product_cat":[76,19,28],"product_tag":[],"class_list":{"0":"post-248520","1":"product","2":"type-product","3":"status-publish","4":"has-post-thumbnail","6":"product_cat-carne-roja","7":"product_cat-frutas-online","8":"product_cat-frutas-y-verduras-de-otono","10":"first","11":"instock","12":"shipping-taxable","13":"purchasable","14":"product-type-simple"},"_links":{"self":[{"href":"https:\/\/mentta.fastdelivery.es\/index.php\/wp-json\/wp\/v2\/product\/248520","targetHints":{"allow":["GET"]}}],"collection":[{"href":"https:\/\/mentta.fastdelivery.es\/index.php\/wp-json\/wp\/v2\/product"}],"about":[{"href":"https:\/\/mentta.fastdelivery.es\/index.php\/wp-json\/wp\/v2\/types\/product"}],"replies":[{"embeddable":true,"href":"https:\/\/mentta.fastdelivery.es\/index.php\/wp-json\/wp\/v2\/comments?post=248520"}],"wp:featuredmedia":[{"embeddable":true,"href":"https:\/\/mentta.fastdelivery.es\/index.php\/wp-json\/wp\/v2\/media\/247343"}],"wp:attachment":[{"href":"https:\/\/mentta.fastdelivery.es\/index.php\/wp-json\/wp\/v2\/media?parent=248520"}],"wp:term":[{"taxonomy":"product_brand","embeddable":true,"href":"https:\/\/mentta.fastdelivery.es\/index.php\/wp-json\/wp\/v2\/product_brand?post=248520"},{"taxonomy":"product_cat","embeddable":true,"href":"https:\/\/mentta.fastdelivery.es\/index.php\/wp-json\/wp\/v2\/product_cat?post=248520"},{"taxonomy":"product_tag","embeddable":true,"href":"https:\/\/mentta.fastdelivery.es\/index.php\/wp-json\/wp\/v2\/product_tag?post=248520"}],"curies":[{"name":"wp","href":"https:\/\/api.w.org\/{rel}","templated":true}]}}