{"id":248521,"date":"2025-01-13T11:39:57","date_gmt":"2025-01-13T10:39:57","guid":{"rendered":"https:\/\/mentta.fastdelivery.es\/?post_type=product&#038;p=248521"},"modified":"2026-03-10T17:15:29","modified_gmt":"2026-03-10T16:15:29","slug":"coca-cola-20-cl-pack-24-und","status":"publish","type":"product","link":"https:\/\/mentta.fastdelivery.es\/index.php\/producto\/coca-cola-20-cl-pack-24-und\/","title":{"rendered":"Coca Cola 20 CL (Pack 24 und)"},"content":{"rendered":"<p>Bebida refrescante aromatizada.<\/p>\n<p>&nbsp;<\/p>\n<p><strong>Ingredientes y al\u00e9rgenos:<\/strong><\/p>\n<p>Agua carbonatada, az\u00facar, colorante E-150d, acidulante \u00e1cido fosf\u00f3rico y aromas naturales (incluyendo cafe\u00edna).<\/p>\n","protected":false},"excerpt":{"rendered":"<p>Bebida refrescante aromatizada. &nbsp; Ingredientes y al\u00e9rgenos: Agua carbonatada, az\u00facar, colorante E-150d, acidulante \u00e1cido fosf\u00f3rico y aromas naturales (incluyendo cafe\u00edna).<\/p>\n","protected":false},"featured_media":248522,"comment_status":"open","ping_status":"closed","template":"","meta":[],"product_brand":[],"product_cat":[42],"product_tag":[],"class_list":{"0":"post-248521","1":"product","2":"type-product","3":"status-publish","4":"has-post-thumbnail","6":"product_cat-bebidas-y-lacteos","8":"first","9":"instock","10":"shipping-taxable","11":"purchasable","12":"product-type-simple"},"_links":{"self":[{"href":"https:\/\/mentta.fastdelivery.es\/index.php\/wp-json\/wp\/v2\/product\/248521","targetHints":{"allow":["GET"]}}],"collection":[{"href":"https:\/\/mentta.fastdelivery.es\/index.php\/wp-json\/wp\/v2\/product"}],"about":[{"href":"https:\/\/mentta.fastdelivery.es\/index.php\/wp-json\/wp\/v2\/types\/product"}],"replies":[{"embeddable":true,"href":"https:\/\/mentta.fastdelivery.es\/index.php\/wp-json\/wp\/v2\/comments?post=248521"}],"wp:featuredmedia":[{"embeddable":true,"href":"https:\/\/mentta.fastdelivery.es\/index.php\/wp-json\/wp\/v2\/media\/248522"}],"wp:attachment":[{"href":"https:\/\/mentta.fastdelivery.es\/index.php\/wp-json\/wp\/v2\/media?parent=248521"}],"wp:term":[{"taxonomy":"product_brand","embeddable":true,"href":"https:\/\/mentta.fastdelivery.es\/index.php\/wp-json\/wp\/v2\/product_brand?post=248521"},{"taxonomy":"product_cat","embeddable":true,"href":"https:\/\/mentta.fastdelivery.es\/index.php\/wp-json\/wp\/v2\/product_cat?post=248521"},{"taxonomy":"product_tag","embeddable":true,"href":"https:\/\/mentta.fastdelivery.es\/index.php\/wp-json\/wp\/v2\/product_tag?post=248521"}],"curies":[{"name":"wp","href":"https:\/\/api.w.org\/{rel}","templated":true}]}}