{"id":248523,"date":"2025-01-13T11:42:38","date_gmt":"2025-01-13T10:42:38","guid":{"rendered":"https:\/\/mentta.fastdelivery.es\/?post_type=product&#038;p=248523"},"modified":"2026-03-10T17:15:29","modified_gmt":"2026-03-10T16:15:29","slug":"coca-cola-lata-light-33-cl-pack-24-und","status":"publish","type":"product","link":"https:\/\/mentta.fastdelivery.es\/index.php\/producto\/coca-cola-lata-light-33-cl-pack-24-und\/","title":{"rendered":"Coca Cola Lata Light 33 CL (Pack 24 und)"},"content":{"rendered":"<p>Bebida refrescante aromatizada. con edulcorantes.<\/p>\n<h3><strong>Ingredientes y al\u00e9rgenos:<\/strong><\/h3>\n<p>Agua carbonatada, colorante E-150d, edulcorantes: ciclamato s\u00f3dico, acesulfamo K y aspartamo, acidulantes: \u00e1cido fosf\u00f3rico y \u00e1cido c\u00edtrico y aromas naturales (incluyendo cafe\u00edna). Contiene una fuente de fenilalanina.<\/p>\n<h3><strong>Otras menciones obligatorias en la etiqueta:<\/strong><\/h3>\n<p>Sin az\u00facar. Sin calor\u00edas. Con edulcorantes. Contiene una fuente de fenilalanina. Light: Sin az\u00facar.<\/p>\n","protected":false},"excerpt":{"rendered":"<p>Bebida refrescante aromatizada. con edulcorantes. Ingredientes y al\u00e9rgenos: Agua carbonatada, colorante E-150d, edulcorantes: ciclamato s\u00f3dico, acesulfamo K y aspartamo, acidulantes: \u00e1cido fosf\u00f3rico y \u00e1cido c\u00edtrico y aromas naturales (incluyendo cafe\u00edna). Contiene una fuente de fenilalanina. Otras menciones obligatorias en la etiqueta: Sin az\u00facar. Sin calor\u00edas. Con edulcorantes. Contiene una fuente de fenilalanina. Light: Sin az\u00facar.<\/p>\n","protected":false},"featured_media":247345,"comment_status":"open","ping_status":"closed","template":"","meta":[],"product_brand":[],"product_cat":[42],"product_tag":[],"class_list":{"0":"post-248523","1":"product","2":"type-product","3":"status-publish","4":"has-post-thumbnail","6":"product_cat-bebidas-y-lacteos","8":"first","9":"instock","10":"shipping-taxable","11":"purchasable","12":"product-type-simple"},"_links":{"self":[{"href":"https:\/\/mentta.fastdelivery.es\/index.php\/wp-json\/wp\/v2\/product\/248523","targetHints":{"allow":["GET"]}}],"collection":[{"href":"https:\/\/mentta.fastdelivery.es\/index.php\/wp-json\/wp\/v2\/product"}],"about":[{"href":"https:\/\/mentta.fastdelivery.es\/index.php\/wp-json\/wp\/v2\/types\/product"}],"replies":[{"embeddable":true,"href":"https:\/\/mentta.fastdelivery.es\/index.php\/wp-json\/wp\/v2\/comments?post=248523"}],"wp:featuredmedia":[{"embeddable":true,"href":"https:\/\/mentta.fastdelivery.es\/index.php\/wp-json\/wp\/v2\/media\/247345"}],"wp:attachment":[{"href":"https:\/\/mentta.fastdelivery.es\/index.php\/wp-json\/wp\/v2\/media?parent=248523"}],"wp:term":[{"taxonomy":"product_brand","embeddable":true,"href":"https:\/\/mentta.fastdelivery.es\/index.php\/wp-json\/wp\/v2\/product_brand?post=248523"},{"taxonomy":"product_cat","embeddable":true,"href":"https:\/\/mentta.fastdelivery.es\/index.php\/wp-json\/wp\/v2\/product_cat?post=248523"},{"taxonomy":"product_tag","embeddable":true,"href":"https:\/\/mentta.fastdelivery.es\/index.php\/wp-json\/wp\/v2\/product_tag?post=248523"}],"curies":[{"name":"wp","href":"https:\/\/api.w.org\/{rel}","templated":true}]}}