{"id":248800,"date":"2025-05-21T17:26:42","date_gmt":"2025-05-21T15:26:42","guid":{"rendered":"https:\/\/mentta.fastdelivery.es\/index.php\/producto\/detergente-liquido-dixan-90-lavados\/"},"modified":"2026-03-10T17:15:27","modified_gmt":"2026-03-10T16:15:27","slug":"detergente-liquido-dixan-90-lavados","status":"publish","type":"product","link":"https:\/\/mentta.fastdelivery.es\/index.php\/producto\/detergente-liquido-dixan-90-lavados\/","title":{"rendered":"DETERGENTE LIQUIDO DIXAN 90 LAVADOS"},"content":{"rendered":"<p>El Detergente L\u00edquido Dixan 90 Lavados ofrece una limpieza profunda y duradera para todo tipo de ropa. Gracias a su f\u00f3rmula avanzada, elimina incluso las manchas m\u00e1s dif\u00edciles, cuidando al mismo tiempo las fibras del tejido. Su potente poder de limpieza act\u00faa eficazmente incluso en lavados con agua fr\u00eda, lo que permite ahorrar energ\u00eda sin sacrificar resultados.<\/p>\n","protected":false},"excerpt":{"rendered":"<p>Detergente l\u00edquido Dixan para 90 lavados, eficaz contra las manchas m\u00e1s dif\u00edciles. Ropa limpia, fresca y cuidada en cada uso.<\/p>\n","protected":false},"featured_media":248799,"comment_status":"open","ping_status":"closed","template":"","meta":[],"product_brand":[],"product_cat":[142],"product_tag":[],"class_list":{"0":"post-248800","1":"product","2":"type-product","3":"status-publish","4":"has-post-thumbnail","6":"product_cat-despensa","8":"first","9":"instock","10":"shipping-taxable","11":"purchasable","12":"product-type-simple"},"_links":{"self":[{"href":"https:\/\/mentta.fastdelivery.es\/index.php\/wp-json\/wp\/v2\/product\/248800","targetHints":{"allow":["GET"]}}],"collection":[{"href":"https:\/\/mentta.fastdelivery.es\/index.php\/wp-json\/wp\/v2\/product"}],"about":[{"href":"https:\/\/mentta.fastdelivery.es\/index.php\/wp-json\/wp\/v2\/types\/product"}],"replies":[{"embeddable":true,"href":"https:\/\/mentta.fastdelivery.es\/index.php\/wp-json\/wp\/v2\/comments?post=248800"}],"wp:featuredmedia":[{"embeddable":true,"href":"https:\/\/mentta.fastdelivery.es\/index.php\/wp-json\/wp\/v2\/media\/248799"}],"wp:attachment":[{"href":"https:\/\/mentta.fastdelivery.es\/index.php\/wp-json\/wp\/v2\/media?parent=248800"}],"wp:term":[{"taxonomy":"product_brand","embeddable":true,"href":"https:\/\/mentta.fastdelivery.es\/index.php\/wp-json\/wp\/v2\/product_brand?post=248800"},{"taxonomy":"product_cat","embeddable":true,"href":"https:\/\/mentta.fastdelivery.es\/index.php\/wp-json\/wp\/v2\/product_cat?post=248800"},{"taxonomy":"product_tag","embeddable":true,"href":"https:\/\/mentta.fastdelivery.es\/index.php\/wp-json\/wp\/v2\/product_tag?post=248800"}],"curies":[{"name":"wp","href":"https:\/\/api.w.org\/{rel}","templated":true}]}}