{"id":248802,"date":"2025-05-21T17:26:49","date_gmt":"2025-05-21T15:26:49","guid":{"rendered":"https:\/\/mentta.fastdelivery.es\/index.php\/producto\/detergente-dixan-total-4-1-55-lavados\/"},"modified":"2026-03-10T17:15:27","modified_gmt":"2026-03-10T16:15:27","slug":"detergente-dixan-total-4-1-55-lavados","status":"publish","type":"product","link":"https:\/\/mentta.fastdelivery.es\/index.php\/producto\/detergente-dixan-total-4-1-55-lavados\/","title":{"rendered":"DETERGENTE DIXAN TOTAL 4 + 1 55 LAVADOS"},"content":{"rendered":"<p>El Detergente L\u00edquido Dixan Total 4 + 1 \u2013 55 Lavados combina una f\u00f3rmula completa y potente para ofrecerte una limpieza impecable con cada lavado. Su tecnolog\u00eda 4 en 1 + 1 asegura una acci\u00f3n profunda contra las manchas dif\u00edciles, cuidado de las fibras, frescura duradera, protecci\u00f3n del color y un extra de eficacia incluso en ciclos cortos o con agua fr\u00eda.<\/p>\n","protected":false},"excerpt":{"rendered":"<p>Detergente l\u00edquido Dixan Total 4+1 con poder extra de limpieza. Rendimiento para 55 lavados y frescura duradera en cada prenda.<\/p>\n","protected":false},"featured_media":248801,"comment_status":"open","ping_status":"closed","template":"","meta":[],"product_brand":[],"product_cat":[142],"product_tag":[],"class_list":{"0":"post-248802","1":"product","2":"type-product","3":"status-publish","4":"has-post-thumbnail","6":"product_cat-despensa","8":"first","9":"instock","10":"shipping-taxable","11":"purchasable","12":"product-type-simple"},"_links":{"self":[{"href":"https:\/\/mentta.fastdelivery.es\/index.php\/wp-json\/wp\/v2\/product\/248802","targetHints":{"allow":["GET"]}}],"collection":[{"href":"https:\/\/mentta.fastdelivery.es\/index.php\/wp-json\/wp\/v2\/product"}],"about":[{"href":"https:\/\/mentta.fastdelivery.es\/index.php\/wp-json\/wp\/v2\/types\/product"}],"replies":[{"embeddable":true,"href":"https:\/\/mentta.fastdelivery.es\/index.php\/wp-json\/wp\/v2\/comments?post=248802"}],"wp:featuredmedia":[{"embeddable":true,"href":"https:\/\/mentta.fastdelivery.es\/index.php\/wp-json\/wp\/v2\/media\/248801"}],"wp:attachment":[{"href":"https:\/\/mentta.fastdelivery.es\/index.php\/wp-json\/wp\/v2\/media?parent=248802"}],"wp:term":[{"taxonomy":"product_brand","embeddable":true,"href":"https:\/\/mentta.fastdelivery.es\/index.php\/wp-json\/wp\/v2\/product_brand?post=248802"},{"taxonomy":"product_cat","embeddable":true,"href":"https:\/\/mentta.fastdelivery.es\/index.php\/wp-json\/wp\/v2\/product_cat?post=248802"},{"taxonomy":"product_tag","embeddable":true,"href":"https:\/\/mentta.fastdelivery.es\/index.php\/wp-json\/wp\/v2\/product_tag?post=248802"}],"curies":[{"name":"wp","href":"https:\/\/api.w.org\/{rel}","templated":true}]}}