{"id":248804,"date":"2025-05-21T17:26:50","date_gmt":"2025-05-21T15:26:50","guid":{"rendered":"https:\/\/mentta.fastdelivery.es\/index.php\/producto\/film-aluminio-albal-30-mts\/"},"modified":"2026-03-10T17:15:27","modified_gmt":"2026-03-10T16:15:27","slug":"film-aluminio-albal-30-mts","status":"publish","type":"product","link":"https:\/\/mentta.fastdelivery.es\/index.php\/producto\/film-aluminio-albal-30-mts\/","title":{"rendered":"FILM ALUMINIO ALBAL 30 MTS"},"content":{"rendered":"<p>El Film de Aluminio Albal 30 metros es la soluci\u00f3n pr\u00e1ctica y eficaz para conservar tus alimentos frescos por m\u00e1s tiempo. Fabricado con aluminio de alta calidad, es resistente al calor y a la rotura, por lo que resulta perfecto tanto para envolver comidas como para cocinar al horno o a la parrilla.<\/p>\n","protected":false},"excerpt":{"rendered":"<p>Film de aluminio Albal de 30 metros, ideal para conservar, proteger y cocinar alimentos con total seguridad.<\/p>\n","protected":false},"featured_media":248803,"comment_status":"open","ping_status":"closed","template":"","meta":[],"product_brand":[],"product_cat":[142],"product_tag":[],"class_list":{"0":"post-248804","1":"product","2":"type-product","3":"status-publish","4":"has-post-thumbnail","6":"product_cat-despensa","8":"first","9":"instock","10":"shipping-taxable","11":"purchasable","12":"product-type-simple"},"_links":{"self":[{"href":"https:\/\/mentta.fastdelivery.es\/index.php\/wp-json\/wp\/v2\/product\/248804","targetHints":{"allow":["GET"]}}],"collection":[{"href":"https:\/\/mentta.fastdelivery.es\/index.php\/wp-json\/wp\/v2\/product"}],"about":[{"href":"https:\/\/mentta.fastdelivery.es\/index.php\/wp-json\/wp\/v2\/types\/product"}],"replies":[{"embeddable":true,"href":"https:\/\/mentta.fastdelivery.es\/index.php\/wp-json\/wp\/v2\/comments?post=248804"}],"wp:featuredmedia":[{"embeddable":true,"href":"https:\/\/mentta.fastdelivery.es\/index.php\/wp-json\/wp\/v2\/media\/248803"}],"wp:attachment":[{"href":"https:\/\/mentta.fastdelivery.es\/index.php\/wp-json\/wp\/v2\/media?parent=248804"}],"wp:term":[{"taxonomy":"product_brand","embeddable":true,"href":"https:\/\/mentta.fastdelivery.es\/index.php\/wp-json\/wp\/v2\/product_brand?post=248804"},{"taxonomy":"product_cat","embeddable":true,"href":"https:\/\/mentta.fastdelivery.es\/index.php\/wp-json\/wp\/v2\/product_cat?post=248804"},{"taxonomy":"product_tag","embeddable":true,"href":"https:\/\/mentta.fastdelivery.es\/index.php\/wp-json\/wp\/v2\/product_tag?post=248804"}],"curies":[{"name":"wp","href":"https:\/\/api.w.org\/{rel}","templated":true}]}}