{"id":248810,"date":"2025-05-21T17:26:53","date_gmt":"2025-05-21T15:26:53","guid":{"rendered":"https:\/\/mentta.fastdelivery.es\/index.php\/producto\/desodorante-sanex-spray-sensitivi-200-ml\/"},"modified":"2026-03-10T17:15:26","modified_gmt":"2026-03-10T16:15:26","slug":"desodorante-sanex-spray-sensitivi-200-ml","status":"publish","type":"product","link":"https:\/\/mentta.fastdelivery.es\/index.php\/producto\/desodorante-sanex-spray-sensitivi-200-ml\/","title":{"rendered":"DESODORANTE SANEX SPRAY SENSITIVI 200 ML"},"content":{"rendered":"<p>El Desodorante Sanex Spray Sensitive 200 ml est\u00e1 formulado especialmente para cuidar las pieles sensibles. Sin alcohol y con ingredientes dermatol\u00f3gicamente probados, ofrece protecci\u00f3n de larga duraci\u00f3n contra el mal olor, respetando el equilibrio natural de la piel. Su f\u00f3rmula suave y efectiva cuida e hidrata, garantizando frescura durante todo el d\u00eda sin causar irritaciones.<\/p>\n","protected":false},"excerpt":{"rendered":"<p>Desodorante en spray Sanex Sensitive 200 ml, ideal para pieles delicadas. Protecci\u00f3n efectiva sin irritaci\u00f3n.<\/p>\n","protected":false},"featured_media":248809,"comment_status":"open","ping_status":"closed","template":"","meta":[],"product_brand":[],"product_cat":[142],"product_tag":[],"class_list":{"0":"post-248810","1":"product","2":"type-product","3":"status-publish","4":"has-post-thumbnail","6":"product_cat-despensa","8":"first","9":"instock","10":"shipping-taxable","11":"purchasable","12":"product-type-simple"},"_links":{"self":[{"href":"https:\/\/mentta.fastdelivery.es\/index.php\/wp-json\/wp\/v2\/product\/248810","targetHints":{"allow":["GET"]}}],"collection":[{"href":"https:\/\/mentta.fastdelivery.es\/index.php\/wp-json\/wp\/v2\/product"}],"about":[{"href":"https:\/\/mentta.fastdelivery.es\/index.php\/wp-json\/wp\/v2\/types\/product"}],"replies":[{"embeddable":true,"href":"https:\/\/mentta.fastdelivery.es\/index.php\/wp-json\/wp\/v2\/comments?post=248810"}],"wp:featuredmedia":[{"embeddable":true,"href":"https:\/\/mentta.fastdelivery.es\/index.php\/wp-json\/wp\/v2\/media\/248809"}],"wp:attachment":[{"href":"https:\/\/mentta.fastdelivery.es\/index.php\/wp-json\/wp\/v2\/media?parent=248810"}],"wp:term":[{"taxonomy":"product_brand","embeddable":true,"href":"https:\/\/mentta.fastdelivery.es\/index.php\/wp-json\/wp\/v2\/product_brand?post=248810"},{"taxonomy":"product_cat","embeddable":true,"href":"https:\/\/mentta.fastdelivery.es\/index.php\/wp-json\/wp\/v2\/product_cat?post=248810"},{"taxonomy":"product_tag","embeddable":true,"href":"https:\/\/mentta.fastdelivery.es\/index.php\/wp-json\/wp\/v2\/product_tag?post=248810"}],"curies":[{"name":"wp","href":"https:\/\/api.w.org\/{rel}","templated":true}]}}