{"id":248836,"date":"2025-05-21T17:27:15","date_gmt":"2025-05-21T15:27:15","guid":{"rendered":"https:\/\/mentta.fastdelivery.es\/index.php\/producto\/jabon-de-manos-nenuco-classic-240-ml\/"},"modified":"2026-03-10T17:15:26","modified_gmt":"2026-03-10T16:15:26","slug":"jabon-de-manos-nenuco-classic-240-ml","status":"publish","type":"product","link":"https:\/\/mentta.fastdelivery.es\/index.php\/producto\/jabon-de-manos-nenuco-classic-240-ml\/","title":{"rendered":"JABON DE MANOS NENUCO CLASSIC 240 ML"},"content":{"rendered":"<p>El Jab\u00f3n de Manos Nenuco Classic 240 ml ofrece una limpieza eficaz con el caracter\u00edstico aroma fresco de Nenuco. Su f\u00f3rmula suave est\u00e1 dermatol\u00f3gicamente testada y es apta para el uso frecuente en pieles delicadas, incluyendo la de los m\u00e1s peque\u00f1os. Ideal para mantener las manos limpias y perfumadas en todo momento.<\/p>\n","protected":false},"excerpt":{"rendered":"<p>Jab\u00f3n de manos Nenuco Classic 240 ml, con el aroma original de Nenuco. Suave con la piel de toda la familia.<\/p>\n","protected":false},"featured_media":248835,"comment_status":"open","ping_status":"closed","template":"","meta":[],"product_brand":[],"product_cat":[142],"product_tag":[],"class_list":{"0":"post-248836","1":"product","2":"type-product","3":"status-publish","4":"has-post-thumbnail","6":"product_cat-despensa","8":"first","9":"instock","10":"shipping-taxable","11":"purchasable","12":"product-type-simple"},"_links":{"self":[{"href":"https:\/\/mentta.fastdelivery.es\/index.php\/wp-json\/wp\/v2\/product\/248836","targetHints":{"allow":["GET"]}}],"collection":[{"href":"https:\/\/mentta.fastdelivery.es\/index.php\/wp-json\/wp\/v2\/product"}],"about":[{"href":"https:\/\/mentta.fastdelivery.es\/index.php\/wp-json\/wp\/v2\/types\/product"}],"replies":[{"embeddable":true,"href":"https:\/\/mentta.fastdelivery.es\/index.php\/wp-json\/wp\/v2\/comments?post=248836"}],"wp:featuredmedia":[{"embeddable":true,"href":"https:\/\/mentta.fastdelivery.es\/index.php\/wp-json\/wp\/v2\/media\/248835"}],"wp:attachment":[{"href":"https:\/\/mentta.fastdelivery.es\/index.php\/wp-json\/wp\/v2\/media?parent=248836"}],"wp:term":[{"taxonomy":"product_brand","embeddable":true,"href":"https:\/\/mentta.fastdelivery.es\/index.php\/wp-json\/wp\/v2\/product_brand?post=248836"},{"taxonomy":"product_cat","embeddable":true,"href":"https:\/\/mentta.fastdelivery.es\/index.php\/wp-json\/wp\/v2\/product_cat?post=248836"},{"taxonomy":"product_tag","embeddable":true,"href":"https:\/\/mentta.fastdelivery.es\/index.php\/wp-json\/wp\/v2\/product_tag?post=248836"}],"curies":[{"name":"wp","href":"https:\/\/api.w.org\/{rel}","templated":true}]}}