{"id":248849,"date":"2025-05-21T17:27:39","date_gmt":"2025-05-21T15:27:39","guid":{"rendered":"https:\/\/mentta.fastdelivery.es\/index.php\/producto\/panal-dodot-activiti-52-unid-talla-5\/"},"modified":"2026-03-10T17:15:26","modified_gmt":"2026-03-10T16:15:26","slug":"panal-dodot-activiti-52-unid-talla-5","status":"publish","type":"product","link":"https:\/\/mentta.fastdelivery.es\/index.php\/producto\/panal-dodot-activiti-52-unid-talla-5\/","title":{"rendered":"PA\u00d1AL DODOT ACTIVITI 52 UNID TALLA 5"},"content":{"rendered":"<p>Los Pa\u00f1ales Dodot Activity Talla 5 \u2013 52 unidades est\u00e1n dise\u00f1ados para ofrecer m\u00e1xima protecci\u00f3n y comodidad a beb\u00e9s en etapa de exploraci\u00f3n. Gracias a su tecnolog\u00eda MotionFlex, se adaptan al cuerpo del beb\u00e9 en cada movimiento, evitando fugas. Con canales de aire y n\u00facleo absorbente, mantienen la piel seca hasta 12 horas. Una opci\u00f3n confiable para el d\u00eda y la noche.<\/p>\n","protected":false},"excerpt":{"rendered":"<p>Pa\u00f1ales Dodot Activity Talla 5, pack de 52. M\u00e1xima absorci\u00f3n y confort para beb\u00e9s activos.<\/p>\n","protected":false},"featured_media":248848,"comment_status":"open","ping_status":"closed","template":"","meta":[],"product_brand":[],"product_cat":[142],"product_tag":[],"class_list":{"0":"post-248849","1":"product","2":"type-product","3":"status-publish","4":"has-post-thumbnail","6":"product_cat-despensa","8":"first","9":"instock","10":"shipping-taxable","11":"purchasable","12":"product-type-simple"},"_links":{"self":[{"href":"https:\/\/mentta.fastdelivery.es\/index.php\/wp-json\/wp\/v2\/product\/248849","targetHints":{"allow":["GET"]}}],"collection":[{"href":"https:\/\/mentta.fastdelivery.es\/index.php\/wp-json\/wp\/v2\/product"}],"about":[{"href":"https:\/\/mentta.fastdelivery.es\/index.php\/wp-json\/wp\/v2\/types\/product"}],"replies":[{"embeddable":true,"href":"https:\/\/mentta.fastdelivery.es\/index.php\/wp-json\/wp\/v2\/comments?post=248849"}],"wp:featuredmedia":[{"embeddable":true,"href":"https:\/\/mentta.fastdelivery.es\/index.php\/wp-json\/wp\/v2\/media\/248848"}],"wp:attachment":[{"href":"https:\/\/mentta.fastdelivery.es\/index.php\/wp-json\/wp\/v2\/media?parent=248849"}],"wp:term":[{"taxonomy":"product_brand","embeddable":true,"href":"https:\/\/mentta.fastdelivery.es\/index.php\/wp-json\/wp\/v2\/product_brand?post=248849"},{"taxonomy":"product_cat","embeddable":true,"href":"https:\/\/mentta.fastdelivery.es\/index.php\/wp-json\/wp\/v2\/product_cat?post=248849"},{"taxonomy":"product_tag","embeddable":true,"href":"https:\/\/mentta.fastdelivery.es\/index.php\/wp-json\/wp\/v2\/product_tag?post=248849"}],"curies":[{"name":"wp","href":"https:\/\/api.w.org\/{rel}","templated":true}]}}