{"id":248851,"date":"2025-05-21T17:27:40","date_gmt":"2025-05-21T15:27:40","guid":{"rendered":"https:\/\/mentta.fastdelivery.es\/index.php\/producto\/panal-dodot-sensitive-56-unid-talla-3\/"},"modified":"2026-03-10T17:15:26","modified_gmt":"2026-03-10T16:15:26","slug":"panal-dodot-sensitive-56-unid-talla-3","status":"publish","type":"product","link":"https:\/\/mentta.fastdelivery.es\/index.php\/producto\/panal-dodot-sensitive-56-unid-talla-3\/","title":{"rendered":"PA\u00d1AL DODOT SENSITIVE 56 UNID TALLA 3"},"content":{"rendered":"<p>Pa\u00f1ales especialmente dise\u00f1ados para pieles sensibles, con materiales suaves y un indicador de humedad. Ofrecen hasta 12 horas de sequedad para beb\u00e9s de 6 a 10 kg.<\/p>\n","protected":false},"excerpt":{"rendered":"<p>Pa\u00f1ales Dodot Sensitive Talla 3, paquete de 56 unidades.<\/p>\n","protected":false},"featured_media":248850,"comment_status":"open","ping_status":"closed","template":"","meta":[],"product_brand":[],"product_cat":[142],"product_tag":[],"class_list":{"0":"post-248851","1":"product","2":"type-product","3":"status-publish","4":"has-post-thumbnail","6":"product_cat-despensa","8":"first","9":"instock","10":"shipping-taxable","11":"purchasable","12":"product-type-simple"},"_links":{"self":[{"href":"https:\/\/mentta.fastdelivery.es\/index.php\/wp-json\/wp\/v2\/product\/248851","targetHints":{"allow":["GET"]}}],"collection":[{"href":"https:\/\/mentta.fastdelivery.es\/index.php\/wp-json\/wp\/v2\/product"}],"about":[{"href":"https:\/\/mentta.fastdelivery.es\/index.php\/wp-json\/wp\/v2\/types\/product"}],"replies":[{"embeddable":true,"href":"https:\/\/mentta.fastdelivery.es\/index.php\/wp-json\/wp\/v2\/comments?post=248851"}],"wp:featuredmedia":[{"embeddable":true,"href":"https:\/\/mentta.fastdelivery.es\/index.php\/wp-json\/wp\/v2\/media\/248850"}],"wp:attachment":[{"href":"https:\/\/mentta.fastdelivery.es\/index.php\/wp-json\/wp\/v2\/media?parent=248851"}],"wp:term":[{"taxonomy":"product_brand","embeddable":true,"href":"https:\/\/mentta.fastdelivery.es\/index.php\/wp-json\/wp\/v2\/product_brand?post=248851"},{"taxonomy":"product_cat","embeddable":true,"href":"https:\/\/mentta.fastdelivery.es\/index.php\/wp-json\/wp\/v2\/product_cat?post=248851"},{"taxonomy":"product_tag","embeddable":true,"href":"https:\/\/mentta.fastdelivery.es\/index.php\/wp-json\/wp\/v2\/product_tag?post=248851"}],"curies":[{"name":"wp","href":"https:\/\/api.w.org\/{rel}","templated":true}]}}