{"id":248857,"date":"2025-05-21T17:27:47","date_gmt":"2025-05-21T15:27:47","guid":{"rendered":"https:\/\/mentta.fastdelivery.es\/index.php\/producto\/panal-dodot-bebe-seco-43-unid-talla-7\/"},"modified":"2026-03-10T17:15:26","modified_gmt":"2026-03-10T16:15:26","slug":"panal-dodot-bebe-seco-43-unid-talla-7","status":"publish","type":"product","link":"https:\/\/mentta.fastdelivery.es\/index.php\/producto\/panal-dodot-bebe-seco-43-unid-talla-7\/","title":{"rendered":"PA\u00d1AL DODOT BEBE SECO 43 UNID TALLA 7"},"content":{"rendered":"<p>Ofrecen hasta 12 horas de sequedad para ni\u00f1os mayores de 17 kg. Tecnolog\u00eda de absorci\u00f3n triple para mantener la piel seca durante m\u00e1s tiempo.<\/p>\n","protected":false},"excerpt":{"rendered":"<p>Pa\u00f1ales Dodot Beb\u00e9 Seco Talla 7, pack de 43.<\/p>\n","protected":false},"featured_media":248856,"comment_status":"open","ping_status":"closed","template":"","meta":[],"product_brand":[],"product_cat":[142],"product_tag":[],"class_list":{"0":"post-248857","1":"product","2":"type-product","3":"status-publish","4":"has-post-thumbnail","6":"product_cat-despensa","8":"first","9":"instock","10":"shipping-taxable","11":"purchasable","12":"product-type-simple"},"_links":{"self":[{"href":"https:\/\/mentta.fastdelivery.es\/index.php\/wp-json\/wp\/v2\/product\/248857","targetHints":{"allow":["GET"]}}],"collection":[{"href":"https:\/\/mentta.fastdelivery.es\/index.php\/wp-json\/wp\/v2\/product"}],"about":[{"href":"https:\/\/mentta.fastdelivery.es\/index.php\/wp-json\/wp\/v2\/types\/product"}],"replies":[{"embeddable":true,"href":"https:\/\/mentta.fastdelivery.es\/index.php\/wp-json\/wp\/v2\/comments?post=248857"}],"wp:featuredmedia":[{"embeddable":true,"href":"https:\/\/mentta.fastdelivery.es\/index.php\/wp-json\/wp\/v2\/media\/248856"}],"wp:attachment":[{"href":"https:\/\/mentta.fastdelivery.es\/index.php\/wp-json\/wp\/v2\/media?parent=248857"}],"wp:term":[{"taxonomy":"product_brand","embeddable":true,"href":"https:\/\/mentta.fastdelivery.es\/index.php\/wp-json\/wp\/v2\/product_brand?post=248857"},{"taxonomy":"product_cat","embeddable":true,"href":"https:\/\/mentta.fastdelivery.es\/index.php\/wp-json\/wp\/v2\/product_cat?post=248857"},{"taxonomy":"product_tag","embeddable":true,"href":"https:\/\/mentta.fastdelivery.es\/index.php\/wp-json\/wp\/v2\/product_tag?post=248857"}],"curies":[{"name":"wp","href":"https:\/\/api.w.org\/{rel}","templated":true}]}}