{"id":248876,"date":"2025-05-21T17:28:13","date_gmt":"2025-05-21T15:28:13","guid":{"rendered":"https:\/\/mentta.fastdelivery.es\/index.php\/producto\/papilla-nestle-8-cereales-bifi-475-grs\/"},"modified":"2026-03-10T17:15:26","modified_gmt":"2026-03-10T16:15:26","slug":"papilla-nestle-8-cereales-bifi-475-grs","status":"publish","type":"product","link":"https:\/\/mentta.fastdelivery.es\/index.php\/producto\/papilla-nestle-8-cereales-bifi-475-grs\/","title":{"rendered":"PAPILLA NESTLE 8 CEREALES BIFI 475 GRS"},"content":{"rendered":"<p>La Papilla Nestl\u00e9 8 Cereales con B\u00edfidus BL 475 g ayuda a mantener el equilibrio de la flora intestinal del beb\u00e9 gracias a sus probi\u00f3ticos naturales. Contiene una variedad de cereales integrales y hierro, zinc y vitaminas esenciales para su desarrollo.<\/p>\n","protected":false},"excerpt":{"rendered":"<p>Papilla con cereales y B\u00edfidus BL para la flora intestinal.<\/p>\n","protected":false},"featured_media":248875,"comment_status":"open","ping_status":"closed","template":"","meta":[],"product_brand":[],"product_cat":[143],"product_tag":[],"class_list":{"0":"post-248876","1":"product","2":"type-product","3":"status-publish","4":"has-post-thumbnail","6":"product_cat-papillas-y-comidas-para-bebes","8":"first","9":"instock","10":"shipping-taxable","11":"purchasable","12":"product-type-simple"},"_links":{"self":[{"href":"https:\/\/mentta.fastdelivery.es\/index.php\/wp-json\/wp\/v2\/product\/248876","targetHints":{"allow":["GET"]}}],"collection":[{"href":"https:\/\/mentta.fastdelivery.es\/index.php\/wp-json\/wp\/v2\/product"}],"about":[{"href":"https:\/\/mentta.fastdelivery.es\/index.php\/wp-json\/wp\/v2\/types\/product"}],"replies":[{"embeddable":true,"href":"https:\/\/mentta.fastdelivery.es\/index.php\/wp-json\/wp\/v2\/comments?post=248876"}],"wp:featuredmedia":[{"embeddable":true,"href":"https:\/\/mentta.fastdelivery.es\/index.php\/wp-json\/wp\/v2\/media\/248875"}],"wp:attachment":[{"href":"https:\/\/mentta.fastdelivery.es\/index.php\/wp-json\/wp\/v2\/media?parent=248876"}],"wp:term":[{"taxonomy":"product_brand","embeddable":true,"href":"https:\/\/mentta.fastdelivery.es\/index.php\/wp-json\/wp\/v2\/product_brand?post=248876"},{"taxonomy":"product_cat","embeddable":true,"href":"https:\/\/mentta.fastdelivery.es\/index.php\/wp-json\/wp\/v2\/product_cat?post=248876"},{"taxonomy":"product_tag","embeddable":true,"href":"https:\/\/mentta.fastdelivery.es\/index.php\/wp-json\/wp\/v2\/product_tag?post=248876"}],"curies":[{"name":"wp","href":"https:\/\/api.w.org\/{rel}","templated":true}]}}