{"id":248884,"date":"2025-05-21T17:28:18","date_gmt":"2025-05-21T15:28:18","guid":{"rendered":"https:\/\/mentta.fastdelivery.es\/index.php\/producto\/papilla-nestle-crema-de-arroz-y-maiz-sin-gluten-240-grs\/"},"modified":"2026-03-10T17:15:26","modified_gmt":"2026-03-10T16:15:26","slug":"papilla-nestle-crema-de-arroz-y-maiz-sin-gluten-240-grs","status":"publish","type":"product","link":"https:\/\/mentta.fastdelivery.es\/index.php\/producto\/papilla-nestle-crema-de-arroz-y-maiz-sin-gluten-240-grs\/","title":{"rendered":"PAPILLA NESTLE CREMA DE ARROZ Y MAIZ SIN GLUTEN 240 GRS"},"content":{"rendered":"<p>La Papilla Nestl\u00e9 Crema de Arroz y Ma\u00edz Sin Gluten 240 g est\u00e1 indicada para beb\u00e9s en etapa de inicio alimentario. Ofrece una combinaci\u00f3n de cereales f\u00e1ciles de digerir, sin gluten y sin az\u00facares a\u00f1adidos, contribuyendo al bienestar digestivo.<\/p>\n","protected":false},"excerpt":{"rendered":"<p>Papilla sin gluten de arroz y ma\u00edz, ideal desde 4 meses.<\/p>\n","protected":false},"featured_media":248883,"comment_status":"open","ping_status":"closed","template":"","meta":[],"product_brand":[],"product_cat":[143],"product_tag":[],"class_list":{"0":"post-248884","1":"product","2":"type-product","3":"status-publish","4":"has-post-thumbnail","6":"product_cat-papillas-y-comidas-para-bebes","8":"first","9":"instock","10":"shipping-taxable","11":"purchasable","12":"product-type-simple"},"_links":{"self":[{"href":"https:\/\/mentta.fastdelivery.es\/index.php\/wp-json\/wp\/v2\/product\/248884","targetHints":{"allow":["GET"]}}],"collection":[{"href":"https:\/\/mentta.fastdelivery.es\/index.php\/wp-json\/wp\/v2\/product"}],"about":[{"href":"https:\/\/mentta.fastdelivery.es\/index.php\/wp-json\/wp\/v2\/types\/product"}],"replies":[{"embeddable":true,"href":"https:\/\/mentta.fastdelivery.es\/index.php\/wp-json\/wp\/v2\/comments?post=248884"}],"wp:featuredmedia":[{"embeddable":true,"href":"https:\/\/mentta.fastdelivery.es\/index.php\/wp-json\/wp\/v2\/media\/248883"}],"wp:attachment":[{"href":"https:\/\/mentta.fastdelivery.es\/index.php\/wp-json\/wp\/v2\/media?parent=248884"}],"wp:term":[{"taxonomy":"product_brand","embeddable":true,"href":"https:\/\/mentta.fastdelivery.es\/index.php\/wp-json\/wp\/v2\/product_brand?post=248884"},{"taxonomy":"product_cat","embeddable":true,"href":"https:\/\/mentta.fastdelivery.es\/index.php\/wp-json\/wp\/v2\/product_cat?post=248884"},{"taxonomy":"product_tag","embeddable":true,"href":"https:\/\/mentta.fastdelivery.es\/index.php\/wp-json\/wp\/v2\/product_tag?post=248884"}],"curies":[{"name":"wp","href":"https:\/\/api.w.org\/{rel}","templated":true}]}}