{"id":248886,"date":"2025-05-21T17:28:19","date_gmt":"2025-05-21T15:28:19","guid":{"rendered":"https:\/\/mentta.fastdelivery.es\/index.php\/producto\/papilla-nestle-leche-cereales-y-galletas\/"},"modified":"2026-03-10T17:15:26","modified_gmt":"2026-03-10T16:15:26","slug":"papilla-nestle-leche-cereales-y-galletas","status":"publish","type":"product","link":"https:\/\/mentta.fastdelivery.es\/index.php\/producto\/papilla-nestle-leche-cereales-y-galletas\/","title":{"rendered":"PAPILLA NESTLE LECHE, CEREALES Y GALLETAS"},"content":{"rendered":"<p>La Papilla Nestl\u00e9 Leche, Cereales y Galletas proporciona una alimentaci\u00f3n equilibrada y completa. Su textura suave y sabor delicioso son ideales para el desayuno o la cena del beb\u00e9. Contiene hierro, vitaminas A, D y B1, fundamentales para su desarrollo.<\/p>\n","protected":false},"excerpt":{"rendered":"<p>Papilla completa con leche, cereales y galletas.<\/p>\n","protected":false},"featured_media":248885,"comment_status":"open","ping_status":"closed","template":"","meta":[],"product_brand":[],"product_cat":[143],"product_tag":[],"class_list":{"0":"post-248886","1":"product","2":"type-product","3":"status-publish","4":"has-post-thumbnail","6":"product_cat-papillas-y-comidas-para-bebes","8":"first","9":"instock","10":"shipping-taxable","11":"purchasable","12":"product-type-simple"},"_links":{"self":[{"href":"https:\/\/mentta.fastdelivery.es\/index.php\/wp-json\/wp\/v2\/product\/248886","targetHints":{"allow":["GET"]}}],"collection":[{"href":"https:\/\/mentta.fastdelivery.es\/index.php\/wp-json\/wp\/v2\/product"}],"about":[{"href":"https:\/\/mentta.fastdelivery.es\/index.php\/wp-json\/wp\/v2\/types\/product"}],"replies":[{"embeddable":true,"href":"https:\/\/mentta.fastdelivery.es\/index.php\/wp-json\/wp\/v2\/comments?post=248886"}],"wp:featuredmedia":[{"embeddable":true,"href":"https:\/\/mentta.fastdelivery.es\/index.php\/wp-json\/wp\/v2\/media\/248885"}],"wp:attachment":[{"href":"https:\/\/mentta.fastdelivery.es\/index.php\/wp-json\/wp\/v2\/media?parent=248886"}],"wp:term":[{"taxonomy":"product_brand","embeddable":true,"href":"https:\/\/mentta.fastdelivery.es\/index.php\/wp-json\/wp\/v2\/product_brand?post=248886"},{"taxonomy":"product_cat","embeddable":true,"href":"https:\/\/mentta.fastdelivery.es\/index.php\/wp-json\/wp\/v2\/product_cat?post=248886"},{"taxonomy":"product_tag","embeddable":true,"href":"https:\/\/mentta.fastdelivery.es\/index.php\/wp-json\/wp\/v2\/product_tag?post=248886"}],"curies":[{"name":"wp","href":"https:\/\/api.w.org\/{rel}","templated":true}]}}