{"id":248898,"date":"2025-05-21T17:28:25","date_gmt":"2025-05-21T15:28:25","guid":{"rendered":"https:\/\/mentta.fastdelivery.es\/index.php\/producto\/papilla-hero-baby-pollo-ternera-y-verduras-235-grs\/"},"modified":"2026-03-10T17:15:26","modified_gmt":"2026-03-10T16:15:26","slug":"papilla-hero-baby-pollo-ternera-y-verduras-235-grs","status":"publish","type":"product","link":"https:\/\/mentta.fastdelivery.es\/index.php\/producto\/papilla-hero-baby-pollo-ternera-y-verduras-235-grs\/","title":{"rendered":"PAPILLA HERO BABY POLLO, TERNERA Y VERDURAS 235 GRS"},"content":{"rendered":"<p>Esta papilla Hero Baby ofrece una receta casera que mezcla prote\u00ednas de alta calidad con verduras seleccionadas. Sin sal a\u00f1adida, con textura adaptada a la etapa del desarrollo del beb\u00e9, ideal desde los 6 meses.<\/p>\n","protected":false},"excerpt":{"rendered":"<p>Combinaci\u00f3n nutritiva de pollo, ternera y verduras para beb\u00e9s.<\/p>\n","protected":false},"featured_media":248897,"comment_status":"open","ping_status":"closed","template":"","meta":[],"product_brand":[],"product_cat":[143],"product_tag":[],"class_list":{"0":"post-248898","1":"product","2":"type-product","3":"status-publish","4":"has-post-thumbnail","6":"product_cat-papillas-y-comidas-para-bebes","8":"first","9":"instock","10":"shipping-taxable","11":"purchasable","12":"product-type-simple"},"_links":{"self":[{"href":"https:\/\/mentta.fastdelivery.es\/index.php\/wp-json\/wp\/v2\/product\/248898","targetHints":{"allow":["GET"]}}],"collection":[{"href":"https:\/\/mentta.fastdelivery.es\/index.php\/wp-json\/wp\/v2\/product"}],"about":[{"href":"https:\/\/mentta.fastdelivery.es\/index.php\/wp-json\/wp\/v2\/types\/product"}],"replies":[{"embeddable":true,"href":"https:\/\/mentta.fastdelivery.es\/index.php\/wp-json\/wp\/v2\/comments?post=248898"}],"wp:featuredmedia":[{"embeddable":true,"href":"https:\/\/mentta.fastdelivery.es\/index.php\/wp-json\/wp\/v2\/media\/248897"}],"wp:attachment":[{"href":"https:\/\/mentta.fastdelivery.es\/index.php\/wp-json\/wp\/v2\/media?parent=248898"}],"wp:term":[{"taxonomy":"product_brand","embeddable":true,"href":"https:\/\/mentta.fastdelivery.es\/index.php\/wp-json\/wp\/v2\/product_brand?post=248898"},{"taxonomy":"product_cat","embeddable":true,"href":"https:\/\/mentta.fastdelivery.es\/index.php\/wp-json\/wp\/v2\/product_cat?post=248898"},{"taxonomy":"product_tag","embeddable":true,"href":"https:\/\/mentta.fastdelivery.es\/index.php\/wp-json\/wp\/v2\/product_tag?post=248898"}],"curies":[{"name":"wp","href":"https:\/\/api.w.org\/{rel}","templated":true}]}}