{"id":248906,"date":"2025-05-21T17:28:32","date_gmt":"2025-05-21T15:28:32","guid":{"rendered":"https:\/\/mentta.fastdelivery.es\/index.php\/producto\/galleta-chips-ahoy-soft-208-grs\/"},"modified":"2026-03-10T17:15:26","modified_gmt":"2026-03-10T16:15:26","slug":"galleta-chips-ahoy-soft-208-grs","status":"publish","type":"product","link":"https:\/\/mentta.fastdelivery.es\/index.php\/producto\/galleta-chips-ahoy-soft-208-grs\/","title":{"rendered":"GALLETA CHIPS AHOY SOFT 208 GRS"},"content":{"rendered":"<p>Disfruta del sabor cl\u00e1sico de Chips Ahoy en su versi\u00f3n soft. Estas galletas blandas son perfectas para quienes prefieren una textura m\u00e1s tierna sin renunciar al intenso sabor a chocolate.<\/p>\n","protected":false},"excerpt":{"rendered":"<p>Galletas Chips Ahoy suaves con trozos de chocolate.<\/p>\n","protected":false},"featured_media":248905,"comment_status":"open","ping_status":"closed","template":"","meta":[],"product_brand":[],"product_cat":[144],"product_tag":[],"class_list":{"0":"post-248906","1":"product","2":"type-product","3":"status-publish","4":"has-post-thumbnail","6":"product_cat-galletas","8":"first","9":"instock","10":"shipping-taxable","11":"purchasable","12":"product-type-simple"},"_links":{"self":[{"href":"https:\/\/mentta.fastdelivery.es\/index.php\/wp-json\/wp\/v2\/product\/248906","targetHints":{"allow":["GET"]}}],"collection":[{"href":"https:\/\/mentta.fastdelivery.es\/index.php\/wp-json\/wp\/v2\/product"}],"about":[{"href":"https:\/\/mentta.fastdelivery.es\/index.php\/wp-json\/wp\/v2\/types\/product"}],"replies":[{"embeddable":true,"href":"https:\/\/mentta.fastdelivery.es\/index.php\/wp-json\/wp\/v2\/comments?post=248906"}],"wp:featuredmedia":[{"embeddable":true,"href":"https:\/\/mentta.fastdelivery.es\/index.php\/wp-json\/wp\/v2\/media\/248905"}],"wp:attachment":[{"href":"https:\/\/mentta.fastdelivery.es\/index.php\/wp-json\/wp\/v2\/media?parent=248906"}],"wp:term":[{"taxonomy":"product_brand","embeddable":true,"href":"https:\/\/mentta.fastdelivery.es\/index.php\/wp-json\/wp\/v2\/product_brand?post=248906"},{"taxonomy":"product_cat","embeddable":true,"href":"https:\/\/mentta.fastdelivery.es\/index.php\/wp-json\/wp\/v2\/product_cat?post=248906"},{"taxonomy":"product_tag","embeddable":true,"href":"https:\/\/mentta.fastdelivery.es\/index.php\/wp-json\/wp\/v2\/product_tag?post=248906"}],"curies":[{"name":"wp","href":"https:\/\/api.w.org\/{rel}","templated":true}]}}