{"id":248908,"date":"2025-05-21T17:28:35","date_gmt":"2025-05-21T15:28:35","guid":{"rendered":"https:\/\/mentta.fastdelivery.es\/index.php\/producto\/galleta-goullon-0-dorada-al-horno-330-grs\/"},"modified":"2026-03-10T17:15:26","modified_gmt":"2026-03-10T16:15:26","slug":"galleta-goullon-0-dorada-al-horno-330-grs","status":"publish","type":"product","link":"https:\/\/mentta.fastdelivery.es\/index.php\/producto\/galleta-goullon-0-dorada-al-horno-330-grs\/","title":{"rendered":"GALLETA GOULLON 0 DORADA AL HORNO 330 GRS"},"content":{"rendered":"<p>Las galletas Gull\u00f3n doradas al horno sin az\u00facares a\u00f1adidos son una opci\u00f3n saludable sin perder sabor. Ideales para cuidar la alimentaci\u00f3n diaria sin renunciar al placer de una buena galleta.<\/p>\n","protected":false},"excerpt":{"rendered":"<p>Galletas sin az\u00facares a\u00f1adidos doradas al horno.<\/p>\n","protected":false},"featured_media":248907,"comment_status":"open","ping_status":"closed","template":"","meta":[],"product_brand":[],"product_cat":[144],"product_tag":[],"class_list":{"0":"post-248908","1":"product","2":"type-product","3":"status-publish","4":"has-post-thumbnail","6":"product_cat-galletas","8":"first","9":"instock","10":"shipping-taxable","11":"purchasable","12":"product-type-simple"},"_links":{"self":[{"href":"https:\/\/mentta.fastdelivery.es\/index.php\/wp-json\/wp\/v2\/product\/248908","targetHints":{"allow":["GET"]}}],"collection":[{"href":"https:\/\/mentta.fastdelivery.es\/index.php\/wp-json\/wp\/v2\/product"}],"about":[{"href":"https:\/\/mentta.fastdelivery.es\/index.php\/wp-json\/wp\/v2\/types\/product"}],"replies":[{"embeddable":true,"href":"https:\/\/mentta.fastdelivery.es\/index.php\/wp-json\/wp\/v2\/comments?post=248908"}],"wp:featuredmedia":[{"embeddable":true,"href":"https:\/\/mentta.fastdelivery.es\/index.php\/wp-json\/wp\/v2\/media\/248907"}],"wp:attachment":[{"href":"https:\/\/mentta.fastdelivery.es\/index.php\/wp-json\/wp\/v2\/media?parent=248908"}],"wp:term":[{"taxonomy":"product_brand","embeddable":true,"href":"https:\/\/mentta.fastdelivery.es\/index.php\/wp-json\/wp\/v2\/product_brand?post=248908"},{"taxonomy":"product_cat","embeddable":true,"href":"https:\/\/mentta.fastdelivery.es\/index.php\/wp-json\/wp\/v2\/product_cat?post=248908"},{"taxonomy":"product_tag","embeddable":true,"href":"https:\/\/mentta.fastdelivery.es\/index.php\/wp-json\/wp\/v2\/product_tag?post=248908"}],"curies":[{"name":"wp","href":"https:\/\/api.w.org\/{rel}","templated":true}]}}