{"id":248912,"date":"2025-05-21T17:28:37","date_gmt":"2025-05-21T15:28:37","guid":{"rendered":"https:\/\/mentta.fastdelivery.es\/index.php\/producto\/galleta-goullon-0-sandwich-de-chocolate-250-grs\/"},"modified":"2026-03-10T17:15:26","modified_gmt":"2026-03-10T16:15:26","slug":"galleta-goullon-0-sandwich-de-chocolate-250-grs","status":"publish","type":"product","link":"https:\/\/mentta.fastdelivery.es\/index.php\/producto\/galleta-goullon-0-sandwich-de-chocolate-250-grs\/","title":{"rendered":"GALLETA GOULLON 0 SANDWICH DE CHOCOLATE 250 GRS"},"content":{"rendered":"<p>Estas galletas Gull\u00f3n combinan el sabor de una galleta crujiente con una suave crema de chocolate, todo sin az\u00facares a\u00f1adidos. Una opci\u00f3n deliciosa para peque\u00f1os y grandes.<\/p>\n","protected":false},"excerpt":{"rendered":"<p>Galletas s\u00e1ndwich con crema de chocolate sin az\u00facares a\u00f1adidos.<\/p>\n","protected":false},"featured_media":248911,"comment_status":"open","ping_status":"closed","template":"","meta":[],"product_brand":[],"product_cat":[144],"product_tag":[],"class_list":{"0":"post-248912","1":"product","2":"type-product","3":"status-publish","4":"has-post-thumbnail","6":"product_cat-galletas","8":"first","9":"instock","10":"shipping-taxable","11":"purchasable","12":"product-type-simple"},"_links":{"self":[{"href":"https:\/\/mentta.fastdelivery.es\/index.php\/wp-json\/wp\/v2\/product\/248912","targetHints":{"allow":["GET"]}}],"collection":[{"href":"https:\/\/mentta.fastdelivery.es\/index.php\/wp-json\/wp\/v2\/product"}],"about":[{"href":"https:\/\/mentta.fastdelivery.es\/index.php\/wp-json\/wp\/v2\/types\/product"}],"replies":[{"embeddable":true,"href":"https:\/\/mentta.fastdelivery.es\/index.php\/wp-json\/wp\/v2\/comments?post=248912"}],"wp:featuredmedia":[{"embeddable":true,"href":"https:\/\/mentta.fastdelivery.es\/index.php\/wp-json\/wp\/v2\/media\/248911"}],"wp:attachment":[{"href":"https:\/\/mentta.fastdelivery.es\/index.php\/wp-json\/wp\/v2\/media?parent=248912"}],"wp:term":[{"taxonomy":"product_brand","embeddable":true,"href":"https:\/\/mentta.fastdelivery.es\/index.php\/wp-json\/wp\/v2\/product_brand?post=248912"},{"taxonomy":"product_cat","embeddable":true,"href":"https:\/\/mentta.fastdelivery.es\/index.php\/wp-json\/wp\/v2\/product_cat?post=248912"},{"taxonomy":"product_tag","embeddable":true,"href":"https:\/\/mentta.fastdelivery.es\/index.php\/wp-json\/wp\/v2\/product_tag?post=248912"}],"curies":[{"name":"wp","href":"https:\/\/api.w.org\/{rel}","templated":true}]}}