{"id":248920,"date":"2025-05-21T17:29:06","date_gmt":"2025-05-21T15:29:06","guid":{"rendered":"https:\/\/mentta.fastdelivery.es\/index.php\/producto\/cerealeas-kellogs-frosties-400-grs\/"},"modified":"2026-03-10T17:15:26","modified_gmt":"2026-03-10T16:15:26","slug":"cerealeas-kellogs-frosties-400-grs","status":"publish","type":"product","link":"https:\/\/mentta.fastdelivery.es\/index.php\/producto\/cerealeas-kellogs-frosties-400-grs\/","title":{"rendered":"CEREALEAS KELLOGS FROSTIES 400 GRS"},"content":{"rendered":"<p>Los Frosties son copos de ma\u00edz glaseados con az\u00facar que aportan energ\u00eda y un sabor irresistible. Una opci\u00f3n cl\u00e1sica para ni\u00f1os y adultos amantes de los cereales dulces.<\/p>\n","protected":false},"excerpt":{"rendered":"<p>Copos de ma\u00edz con az\u00facar glaseado para un desayuno dulce.<\/p>\n","protected":false},"featured_media":248919,"comment_status":"open","ping_status":"closed","template":"","meta":[],"product_brand":[],"product_cat":[145],"product_tag":[],"class_list":{"0":"post-248920","1":"product","2":"type-product","3":"status-publish","4":"has-post-thumbnail","6":"product_cat-cereales","8":"first","9":"instock","10":"shipping-taxable","11":"purchasable","12":"product-type-simple"},"_links":{"self":[{"href":"https:\/\/mentta.fastdelivery.es\/index.php\/wp-json\/wp\/v2\/product\/248920","targetHints":{"allow":["GET"]}}],"collection":[{"href":"https:\/\/mentta.fastdelivery.es\/index.php\/wp-json\/wp\/v2\/product"}],"about":[{"href":"https:\/\/mentta.fastdelivery.es\/index.php\/wp-json\/wp\/v2\/types\/product"}],"replies":[{"embeddable":true,"href":"https:\/\/mentta.fastdelivery.es\/index.php\/wp-json\/wp\/v2\/comments?post=248920"}],"wp:featuredmedia":[{"embeddable":true,"href":"https:\/\/mentta.fastdelivery.es\/index.php\/wp-json\/wp\/v2\/media\/248919"}],"wp:attachment":[{"href":"https:\/\/mentta.fastdelivery.es\/index.php\/wp-json\/wp\/v2\/media?parent=248920"}],"wp:term":[{"taxonomy":"product_brand","embeddable":true,"href":"https:\/\/mentta.fastdelivery.es\/index.php\/wp-json\/wp\/v2\/product_brand?post=248920"},{"taxonomy":"product_cat","embeddable":true,"href":"https:\/\/mentta.fastdelivery.es\/index.php\/wp-json\/wp\/v2\/product_cat?post=248920"},{"taxonomy":"product_tag","embeddable":true,"href":"https:\/\/mentta.fastdelivery.es\/index.php\/wp-json\/wp\/v2\/product_tag?post=248920"}],"curies":[{"name":"wp","href":"https:\/\/api.w.org\/{rel}","templated":true}]}}