{"id":248924,"date":"2025-05-21T17:29:18","date_gmt":"2025-05-21T15:29:18","guid":{"rendered":"https:\/\/mentta.fastdelivery.es\/index.php\/producto\/cerealeas-kellogs-especial-k-choclate-325-grs\/"},"modified":"2026-03-10T17:15:26","modified_gmt":"2026-03-10T16:15:26","slug":"cerealeas-kellogs-especial-k-choclate-325-grs","status":"publish","type":"product","link":"https:\/\/mentta.fastdelivery.es\/index.php\/producto\/cerealeas-kellogs-especial-k-choclate-325-grs\/","title":{"rendered":"CEREALEAS KELLOGS ESPECIAL K CHOCLATE 325 GRS"},"content":{"rendered":"<p>La versi\u00f3n de Special K con chocolate combina el equilibrio nutricional de los copos cl\u00e1sicos con el sabor irresistible del chocolate negro. Perfecto para comenzar el d\u00eda con energ\u00eda y placer.<\/p>\n","protected":false},"excerpt":{"rendered":"<p>Cereales equilibrados con trozos de chocolate.<\/p>\n","protected":false},"featured_media":248923,"comment_status":"open","ping_status":"closed","template":"","meta":[],"product_brand":[],"product_cat":[145],"product_tag":[],"class_list":{"0":"post-248924","1":"product","2":"type-product","3":"status-publish","4":"has-post-thumbnail","6":"product_cat-cereales","8":"first","9":"instock","10":"shipping-taxable","11":"purchasable","12":"product-type-simple"},"_links":{"self":[{"href":"https:\/\/mentta.fastdelivery.es\/index.php\/wp-json\/wp\/v2\/product\/248924","targetHints":{"allow":["GET"]}}],"collection":[{"href":"https:\/\/mentta.fastdelivery.es\/index.php\/wp-json\/wp\/v2\/product"}],"about":[{"href":"https:\/\/mentta.fastdelivery.es\/index.php\/wp-json\/wp\/v2\/types\/product"}],"replies":[{"embeddable":true,"href":"https:\/\/mentta.fastdelivery.es\/index.php\/wp-json\/wp\/v2\/comments?post=248924"}],"wp:featuredmedia":[{"embeddable":true,"href":"https:\/\/mentta.fastdelivery.es\/index.php\/wp-json\/wp\/v2\/media\/248923"}],"wp:attachment":[{"href":"https:\/\/mentta.fastdelivery.es\/index.php\/wp-json\/wp\/v2\/media?parent=248924"}],"wp:term":[{"taxonomy":"product_brand","embeddable":true,"href":"https:\/\/mentta.fastdelivery.es\/index.php\/wp-json\/wp\/v2\/product_brand?post=248924"},{"taxonomy":"product_cat","embeddable":true,"href":"https:\/\/mentta.fastdelivery.es\/index.php\/wp-json\/wp\/v2\/product_cat?post=248924"},{"taxonomy":"product_tag","embeddable":true,"href":"https:\/\/mentta.fastdelivery.es\/index.php\/wp-json\/wp\/v2\/product_tag?post=248924"}],"curies":[{"name":"wp","href":"https:\/\/api.w.org\/{rel}","templated":true}]}}