{"id":248934,"date":"2025-05-21T17:29:27","date_gmt":"2025-05-21T15:29:27","guid":{"rendered":"https:\/\/mentta.fastdelivery.es\/index.php\/producto\/harina-de-fuerza-gallo-1-kg\/"},"modified":"2026-03-10T17:15:25","modified_gmt":"2026-03-10T16:15:25","slug":"harina-de-fuerza-gallo-1-kg","status":"publish","type":"product","link":"https:\/\/mentta.fastdelivery.es\/index.php\/producto\/harina-de-fuerza-gallo-1-kg\/","title":{"rendered":"HARINA DE FUERZA GALLO 1 KG"},"content":{"rendered":"<p>La Harina de Fuerza Gallo es perfecta para recetas que requieren una masa el\u00e1stica y resistente, como panes artesanos, brioches o boller\u00eda. Su alto contenido en prote\u00ednas favorece el desarrollo del gluten, logrando una textura esponjosa y aireada.<\/p>\n","protected":false},"excerpt":{"rendered":"<p>Harina de fuerza ideal para masas que necesitan una fermentaci\u00f3n prolongada.<\/p>\n","protected":false},"featured_media":248933,"comment_status":"open","ping_status":"closed","template":"","meta":[],"product_brand":[],"product_cat":[146,147],"product_tag":[],"class_list":{"0":"post-248934","1":"product","2":"type-product","3":"status-publish","4":"has-post-thumbnail","6":"product_cat-harinas-y-masas","7":"product_cat-panaderia","9":"first","10":"instock","11":"shipping-taxable","12":"purchasable","13":"product-type-simple"},"_links":{"self":[{"href":"https:\/\/mentta.fastdelivery.es\/index.php\/wp-json\/wp\/v2\/product\/248934","targetHints":{"allow":["GET"]}}],"collection":[{"href":"https:\/\/mentta.fastdelivery.es\/index.php\/wp-json\/wp\/v2\/product"}],"about":[{"href":"https:\/\/mentta.fastdelivery.es\/index.php\/wp-json\/wp\/v2\/types\/product"}],"replies":[{"embeddable":true,"href":"https:\/\/mentta.fastdelivery.es\/index.php\/wp-json\/wp\/v2\/comments?post=248934"}],"wp:featuredmedia":[{"embeddable":true,"href":"https:\/\/mentta.fastdelivery.es\/index.php\/wp-json\/wp\/v2\/media\/248933"}],"wp:attachment":[{"href":"https:\/\/mentta.fastdelivery.es\/index.php\/wp-json\/wp\/v2\/media?parent=248934"}],"wp:term":[{"taxonomy":"product_brand","embeddable":true,"href":"https:\/\/mentta.fastdelivery.es\/index.php\/wp-json\/wp\/v2\/product_brand?post=248934"},{"taxonomy":"product_cat","embeddable":true,"href":"https:\/\/mentta.fastdelivery.es\/index.php\/wp-json\/wp\/v2\/product_cat?post=248934"},{"taxonomy":"product_tag","embeddable":true,"href":"https:\/\/mentta.fastdelivery.es\/index.php\/wp-json\/wp\/v2\/product_tag?post=248934"}],"curies":[{"name":"wp","href":"https:\/\/api.w.org\/{rel}","templated":true}]}}