{"id":248946,"date":"2025-05-21T17:29:34","date_gmt":"2025-05-21T15:29:34","guid":{"rendered":"https:\/\/mentta.fastdelivery.es\/index.php\/producto\/salsa-guacamole-eliges-300-grs\/"},"modified":"2026-03-10T17:15:25","modified_gmt":"2026-03-10T16:15:25","slug":"salsa-guacamole-eliges-300-grs","status":"publish","type":"product","link":"https:\/\/mentta.fastdelivery.es\/index.php\/producto\/salsa-guacamole-eliges-300-grs\/","title":{"rendered":"SALSA GUACAMOLE ELIGES 300 GRS"},"content":{"rendered":"<p>Preparado con aguacate, tomate, cebolla y un toque de lim\u00f3n, el guacamole Eliges es ideal para quienes buscan un sabor casero sin complicaciones. Acompa\u00f1a nachos, fajitas o sirve como dip fresco en cualquier ocasi\u00f3n.<\/p>\n","protected":false},"excerpt":{"rendered":"<p>Guacamole listo para servir con ingredientes naturales.<\/p>\n","protected":false},"featured_media":248945,"comment_status":"open","ping_status":"closed","template":"","meta":[],"product_brand":[],"product_cat":[142,149],"product_tag":[],"class_list":{"0":"post-248946","1":"product","2":"type-product","3":"status-publish","4":"has-post-thumbnail","6":"product_cat-despensa","7":"product_cat-salsas","9":"first","10":"instock","11":"shipping-taxable","12":"purchasable","13":"product-type-simple"},"_links":{"self":[{"href":"https:\/\/mentta.fastdelivery.es\/index.php\/wp-json\/wp\/v2\/product\/248946","targetHints":{"allow":["GET"]}}],"collection":[{"href":"https:\/\/mentta.fastdelivery.es\/index.php\/wp-json\/wp\/v2\/product"}],"about":[{"href":"https:\/\/mentta.fastdelivery.es\/index.php\/wp-json\/wp\/v2\/types\/product"}],"replies":[{"embeddable":true,"href":"https:\/\/mentta.fastdelivery.es\/index.php\/wp-json\/wp\/v2\/comments?post=248946"}],"wp:featuredmedia":[{"embeddable":true,"href":"https:\/\/mentta.fastdelivery.es\/index.php\/wp-json\/wp\/v2\/media\/248945"}],"wp:attachment":[{"href":"https:\/\/mentta.fastdelivery.es\/index.php\/wp-json\/wp\/v2\/media?parent=248946"}],"wp:term":[{"taxonomy":"product_brand","embeddable":true,"href":"https:\/\/mentta.fastdelivery.es\/index.php\/wp-json\/wp\/v2\/product_brand?post=248946"},{"taxonomy":"product_cat","embeddable":true,"href":"https:\/\/mentta.fastdelivery.es\/index.php\/wp-json\/wp\/v2\/product_cat?post=248946"},{"taxonomy":"product_tag","embeddable":true,"href":"https:\/\/mentta.fastdelivery.es\/index.php\/wp-json\/wp\/v2\/product_tag?post=248946"}],"curies":[{"name":"wp","href":"https:\/\/api.w.org\/{rel}","templated":true}]}}