{"id":248956,"date":"2025-05-21T17:29:40","date_gmt":"2025-05-21T15:29:40","guid":{"rendered":"https:\/\/mentta.fastdelivery.es\/index.php\/producto\/sasonador-burrito-old-el-paso-40-grs\/"},"modified":"2026-03-10T17:15:25","modified_gmt":"2026-03-10T16:15:25","slug":"sasonador-burrito-old-el-paso-40-grs","status":"publish","type":"product","link":"https:\/\/mentta.fastdelivery.es\/index.php\/producto\/sasonador-burrito-old-el-paso-40-grs\/","title":{"rendered":"SASONADOR BURRITO OLD EL PASO 40 GRS"},"content":{"rendered":"<p>Con este sazonador para burritos de Old El Paso, puedes preparar f\u00e1cilmente un relleno jugoso con carne picada, cebolla y pimientos. La mezcla contiene condimentos mexicanos cl\u00e1sicos que le dar\u00e1n un sabor aut\u00e9ntico a tus burritos caseros.<\/p>\n","protected":false},"excerpt":{"rendered":"<p>Especias originales para preparar burritos sabrosos y jugosos.<\/p>\n","protected":false},"featured_media":248955,"comment_status":"open","ping_status":"closed","template":"","meta":[],"product_brand":[],"product_cat":[148,63],"product_tag":[],"class_list":{"0":"post-248956","1":"product","2":"type-product","3":"status-publish","4":"has-post-thumbnail","6":"product_cat-comida-mexicana","7":"product_cat-especias-y-condimentos","9":"first","10":"instock","11":"shipping-taxable","12":"purchasable","13":"product-type-simple"},"_links":{"self":[{"href":"https:\/\/mentta.fastdelivery.es\/index.php\/wp-json\/wp\/v2\/product\/248956","targetHints":{"allow":["GET"]}}],"collection":[{"href":"https:\/\/mentta.fastdelivery.es\/index.php\/wp-json\/wp\/v2\/product"}],"about":[{"href":"https:\/\/mentta.fastdelivery.es\/index.php\/wp-json\/wp\/v2\/types\/product"}],"replies":[{"embeddable":true,"href":"https:\/\/mentta.fastdelivery.es\/index.php\/wp-json\/wp\/v2\/comments?post=248956"}],"wp:featuredmedia":[{"embeddable":true,"href":"https:\/\/mentta.fastdelivery.es\/index.php\/wp-json\/wp\/v2\/media\/248955"}],"wp:attachment":[{"href":"https:\/\/mentta.fastdelivery.es\/index.php\/wp-json\/wp\/v2\/media?parent=248956"}],"wp:term":[{"taxonomy":"product_brand","embeddable":true,"href":"https:\/\/mentta.fastdelivery.es\/index.php\/wp-json\/wp\/v2\/product_brand?post=248956"},{"taxonomy":"product_cat","embeddable":true,"href":"https:\/\/mentta.fastdelivery.es\/index.php\/wp-json\/wp\/v2\/product_cat?post=248956"},{"taxonomy":"product_tag","embeddable":true,"href":"https:\/\/mentta.fastdelivery.es\/index.php\/wp-json\/wp\/v2\/product_tag?post=248956"}],"curies":[{"name":"wp","href":"https:\/\/api.w.org\/{rel}","templated":true}]}}