{"id":248964,"date":"2025-05-21T17:29:48","date_gmt":"2025-05-21T15:29:48","guid":{"rendered":"https:\/\/mentta.fastdelivery.es\/index.php\/producto\/nachips-old-el-paso-185-grs\/"},"modified":"2026-03-10T17:15:25","modified_gmt":"2026-03-10T16:15:25","slug":"nachips-old-el-paso-185-grs","status":"publish","type":"product","link":"https:\/\/mentta.fastdelivery.es\/index.php\/producto\/nachips-old-el-paso-185-grs\/","title":{"rendered":"NACHIPS OLD EL PASO 185 GRS"},"content":{"rendered":"<p>Los nachips Old El Paso ofrecen un sabor aut\u00e9ntico y una textura crujiente que los convierte en el acompa\u00f1amiento perfecto para tus salsas y dips favoritos. Disfr\u00fatalos en reuniones o como aperitivo.<\/p>\n","protected":false},"excerpt":{"rendered":"<p>Crujientes nachos de ma\u00edz, ideales para acompa\u00f1ar tus salsas y dips favoritos.<\/p>\n","protected":false},"featured_media":248963,"comment_status":"open","ping_status":"closed","template":"","meta":[],"product_brand":[],"product_cat":[151,36],"product_tag":[],"class_list":{"0":"post-248964","1":"product","2":"type-product","3":"status-publish","4":"has-post-thumbnail","6":"product_cat-acompanamientos","7":"product_cat-mexico","9":"first","10":"instock","11":"shipping-taxable","12":"purchasable","13":"product-type-simple"},"_links":{"self":[{"href":"https:\/\/mentta.fastdelivery.es\/index.php\/wp-json\/wp\/v2\/product\/248964","targetHints":{"allow":["GET"]}}],"collection":[{"href":"https:\/\/mentta.fastdelivery.es\/index.php\/wp-json\/wp\/v2\/product"}],"about":[{"href":"https:\/\/mentta.fastdelivery.es\/index.php\/wp-json\/wp\/v2\/types\/product"}],"replies":[{"embeddable":true,"href":"https:\/\/mentta.fastdelivery.es\/index.php\/wp-json\/wp\/v2\/comments?post=248964"}],"wp:featuredmedia":[{"embeddable":true,"href":"https:\/\/mentta.fastdelivery.es\/index.php\/wp-json\/wp\/v2\/media\/248963"}],"wp:attachment":[{"href":"https:\/\/mentta.fastdelivery.es\/index.php\/wp-json\/wp\/v2\/media?parent=248964"}],"wp:term":[{"taxonomy":"product_brand","embeddable":true,"href":"https:\/\/mentta.fastdelivery.es\/index.php\/wp-json\/wp\/v2\/product_brand?post=248964"},{"taxonomy":"product_cat","embeddable":true,"href":"https:\/\/mentta.fastdelivery.es\/index.php\/wp-json\/wp\/v2\/product_cat?post=248964"},{"taxonomy":"product_tag","embeddable":true,"href":"https:\/\/mentta.fastdelivery.es\/index.php\/wp-json\/wp\/v2\/product_tag?post=248964"}],"curies":[{"name":"wp","href":"https:\/\/api.w.org\/{rel}","templated":true}]}}