{"id":248968,"date":"2025-05-21T17:29:52","date_gmt":"2025-05-21T15:29:52","guid":{"rendered":"https:\/\/mentta.fastdelivery.es\/index.php\/producto\/chili-carne-old-el-paso-420-grs\/"},"modified":"2026-03-10T17:15:25","modified_gmt":"2026-03-10T16:15:25","slug":"chili-carne-old-el-paso-420-grs","status":"publish","type":"product","link":"https:\/\/mentta.fastdelivery.es\/index.php\/producto\/chili-carne-old-el-paso-420-grs\/","title":{"rendered":"CHILI CARNE OLD EL PASO 420 GRS"},"content":{"rendered":"<p>El chili con carne Old El Paso es un plato listo para disfrutar. Con carne de calidad y especias mexicanas, es perfecto para una comida r\u00e1pida y sabrosa. Simplemente cali\u00e9ntalo y acomp\u00e1\u00f1alo con tortillas o arroz.<\/p>\n","protected":false},"excerpt":{"rendered":"<p>Preparado listo para calentar, con carne y especias al estilo mexicano.<\/p>\n","protected":false},"featured_media":248967,"comment_status":"open","ping_status":"closed","template":"","meta":[],"product_brand":[],"product_cat":[148,63],"product_tag":[],"class_list":{"0":"post-248968","1":"product","2":"type-product","3":"status-publish","4":"has-post-thumbnail","6":"product_cat-comida-mexicana","7":"product_cat-especias-y-condimentos","9":"first","10":"instock","11":"shipping-taxable","12":"purchasable","13":"product-type-simple"},"_links":{"self":[{"href":"https:\/\/mentta.fastdelivery.es\/index.php\/wp-json\/wp\/v2\/product\/248968","targetHints":{"allow":["GET"]}}],"collection":[{"href":"https:\/\/mentta.fastdelivery.es\/index.php\/wp-json\/wp\/v2\/product"}],"about":[{"href":"https:\/\/mentta.fastdelivery.es\/index.php\/wp-json\/wp\/v2\/types\/product"}],"replies":[{"embeddable":true,"href":"https:\/\/mentta.fastdelivery.es\/index.php\/wp-json\/wp\/v2\/comments?post=248968"}],"wp:featuredmedia":[{"embeddable":true,"href":"https:\/\/mentta.fastdelivery.es\/index.php\/wp-json\/wp\/v2\/media\/248967"}],"wp:attachment":[{"href":"https:\/\/mentta.fastdelivery.es\/index.php\/wp-json\/wp\/v2\/media?parent=248968"}],"wp:term":[{"taxonomy":"product_brand","embeddable":true,"href":"https:\/\/mentta.fastdelivery.es\/index.php\/wp-json\/wp\/v2\/product_brand?post=248968"},{"taxonomy":"product_cat","embeddable":true,"href":"https:\/\/mentta.fastdelivery.es\/index.php\/wp-json\/wp\/v2\/product_cat?post=248968"},{"taxonomy":"product_tag","embeddable":true,"href":"https:\/\/mentta.fastdelivery.es\/index.php\/wp-json\/wp\/v2\/product_tag?post=248968"}],"curies":[{"name":"wp","href":"https:\/\/api.w.org\/{rel}","templated":true}]}}