{"id":248972,"date":"2025-05-21T17:29:56","date_gmt":"2025-05-21T15:29:56","guid":{"rendered":"https:\/\/mentta.fastdelivery.es\/index.php\/producto\/salsa-brava-chovi-madrilena-890-grs\/"},"modified":"2026-03-10T17:15:25","modified_gmt":"2026-03-10T16:15:25","slug":"salsa-brava-chovi-madrilena-890-grs","status":"publish","type":"product","link":"https:\/\/mentta.fastdelivery.es\/index.php\/producto\/salsa-brava-chovi-madrilena-890-grs\/","title":{"rendered":"SALSA BRAVA CHOVI MADRILE\u00d1A 890 GRS"},"content":{"rendered":"<p>La salsa brava madrile\u00f1a Chov\u00ed es el acompa\u00f1ante ideal para las tradicionales patatas bravas. Con un toque picante y sabroso, tambi\u00e9n es perfecta para otros platos como croquetas, tapas y carnes.<\/p>\n","protected":false},"excerpt":{"rendered":"<p>Salsa brava con el toque picante de la tradici\u00f3n madrile\u00f1a, perfecta para patatas bravas.<\/p>\n","protected":false},"featured_media":248971,"comment_status":"open","ping_status":"closed","template":"","meta":[],"product_brand":[],"product_cat":[142,149],"product_tag":[],"class_list":{"0":"post-248972","1":"product","2":"type-product","3":"status-publish","4":"has-post-thumbnail","6":"product_cat-despensa","7":"product_cat-salsas","9":"first","10":"instock","11":"shipping-taxable","12":"purchasable","13":"product-type-simple"},"_links":{"self":[{"href":"https:\/\/mentta.fastdelivery.es\/index.php\/wp-json\/wp\/v2\/product\/248972","targetHints":{"allow":["GET"]}}],"collection":[{"href":"https:\/\/mentta.fastdelivery.es\/index.php\/wp-json\/wp\/v2\/product"}],"about":[{"href":"https:\/\/mentta.fastdelivery.es\/index.php\/wp-json\/wp\/v2\/types\/product"}],"replies":[{"embeddable":true,"href":"https:\/\/mentta.fastdelivery.es\/index.php\/wp-json\/wp\/v2\/comments?post=248972"}],"wp:featuredmedia":[{"embeddable":true,"href":"https:\/\/mentta.fastdelivery.es\/index.php\/wp-json\/wp\/v2\/media\/248971"}],"wp:attachment":[{"href":"https:\/\/mentta.fastdelivery.es\/index.php\/wp-json\/wp\/v2\/media?parent=248972"}],"wp:term":[{"taxonomy":"product_brand","embeddable":true,"href":"https:\/\/mentta.fastdelivery.es\/index.php\/wp-json\/wp\/v2\/product_brand?post=248972"},{"taxonomy":"product_cat","embeddable":true,"href":"https:\/\/mentta.fastdelivery.es\/index.php\/wp-json\/wp\/v2\/product_cat?post=248972"},{"taxonomy":"product_tag","embeddable":true,"href":"https:\/\/mentta.fastdelivery.es\/index.php\/wp-json\/wp\/v2\/product_tag?post=248972"}],"curies":[{"name":"wp","href":"https:\/\/api.w.org\/{rel}","templated":true}]}}