{"id":248976,"date":"2025-05-21T17:30:03","date_gmt":"2025-05-21T15:30:03","guid":{"rendered":"https:\/\/mentta.fastdelivery.es\/index.php\/producto\/ketchup-chovi-925-grs\/"},"modified":"2026-03-10T17:15:25","modified_gmt":"2026-03-10T16:15:25","slug":"ketchup-chovi-925-grs","status":"publish","type":"product","link":"https:\/\/mentta.fastdelivery.es\/index.php\/producto\/ketchup-chovi-925-grs\/","title":{"rendered":"KETCHUP CHOVI 925 GRS"},"content":{"rendered":"<p>El ketchup Chov\u00ed es el cl\u00e1sico que no puede faltar en tu mesa. Con un sabor dulce y tomate fresco, es perfecto para acompa\u00f1ar hamburguesas, patatas fritas, perritos calientes y otros platos r\u00e1pidos.<\/p>\n","protected":false},"excerpt":{"rendered":"<p>Ketchup cl\u00e1sico, ideal para hamburguesas, patatas fritas y perritos calientes.<\/p>\n","protected":false},"featured_media":248975,"comment_status":"open","ping_status":"closed","template":"","meta":[],"product_brand":[],"product_cat":[142,149],"product_tag":[],"class_list":{"0":"post-248976","1":"product","2":"type-product","3":"status-publish","4":"has-post-thumbnail","6":"product_cat-despensa","7":"product_cat-salsas","9":"first","10":"instock","11":"shipping-taxable","12":"purchasable","13":"product-type-simple"},"_links":{"self":[{"href":"https:\/\/mentta.fastdelivery.es\/index.php\/wp-json\/wp\/v2\/product\/248976","targetHints":{"allow":["GET"]}}],"collection":[{"href":"https:\/\/mentta.fastdelivery.es\/index.php\/wp-json\/wp\/v2\/product"}],"about":[{"href":"https:\/\/mentta.fastdelivery.es\/index.php\/wp-json\/wp\/v2\/types\/product"}],"replies":[{"embeddable":true,"href":"https:\/\/mentta.fastdelivery.es\/index.php\/wp-json\/wp\/v2\/comments?post=248976"}],"wp:featuredmedia":[{"embeddable":true,"href":"https:\/\/mentta.fastdelivery.es\/index.php\/wp-json\/wp\/v2\/media\/248975"}],"wp:attachment":[{"href":"https:\/\/mentta.fastdelivery.es\/index.php\/wp-json\/wp\/v2\/media?parent=248976"}],"wp:term":[{"taxonomy":"product_brand","embeddable":true,"href":"https:\/\/mentta.fastdelivery.es\/index.php\/wp-json\/wp\/v2\/product_brand?post=248976"},{"taxonomy":"product_cat","embeddable":true,"href":"https:\/\/mentta.fastdelivery.es\/index.php\/wp-json\/wp\/v2\/product_cat?post=248976"},{"taxonomy":"product_tag","embeddable":true,"href":"https:\/\/mentta.fastdelivery.es\/index.php\/wp-json\/wp\/v2\/product_tag?post=248976"}],"curies":[{"name":"wp","href":"https:\/\/api.w.org\/{rel}","templated":true}]}}