{"id":248980,"date":"2025-05-21T17:30:05","date_gmt":"2025-05-21T15:30:05","guid":{"rendered":"https:\/\/mentta.fastdelivery.es\/index.php\/producto\/mayonesa-ybarra-1-kg\/"},"modified":"2026-03-10T17:15:25","modified_gmt":"2026-03-10T16:15:25","slug":"mayonesa-ybarra-1-kg","status":"publish","type":"product","link":"https:\/\/mentta.fastdelivery.es\/index.php\/producto\/mayonesa-ybarra-1-kg\/","title":{"rendered":"MAYONESA YBARRA 1 KG"},"content":{"rendered":"<p>La mayonesa Ybarra tiene una textura suave y cremosa que la convierte en el acompa\u00f1ante perfecto para ensaladas, s\u00e1ndwiches, hamburguesas y platos fr\u00edos. Ideal para aderezar tus comidas y darles un toque de sabor.<\/p>\n","protected":false},"excerpt":{"rendered":"<p>Mayonesa suave y cremosa, perfecta para ensaladas, s\u00e1ndwiches y m\u00e1s.<\/p>\n","protected":false},"featured_media":248979,"comment_status":"open","ping_status":"closed","template":"","meta":[],"product_brand":[],"product_cat":[142,149],"product_tag":[],"class_list":{"0":"post-248980","1":"product","2":"type-product","3":"status-publish","4":"has-post-thumbnail","6":"product_cat-despensa","7":"product_cat-salsas","9":"first","10":"instock","11":"shipping-taxable","12":"purchasable","13":"product-type-simple"},"_links":{"self":[{"href":"https:\/\/mentta.fastdelivery.es\/index.php\/wp-json\/wp\/v2\/product\/248980","targetHints":{"allow":["GET"]}}],"collection":[{"href":"https:\/\/mentta.fastdelivery.es\/index.php\/wp-json\/wp\/v2\/product"}],"about":[{"href":"https:\/\/mentta.fastdelivery.es\/index.php\/wp-json\/wp\/v2\/types\/product"}],"replies":[{"embeddable":true,"href":"https:\/\/mentta.fastdelivery.es\/index.php\/wp-json\/wp\/v2\/comments?post=248980"}],"wp:featuredmedia":[{"embeddable":true,"href":"https:\/\/mentta.fastdelivery.es\/index.php\/wp-json\/wp\/v2\/media\/248979"}],"wp:attachment":[{"href":"https:\/\/mentta.fastdelivery.es\/index.php\/wp-json\/wp\/v2\/media?parent=248980"}],"wp:term":[{"taxonomy":"product_brand","embeddable":true,"href":"https:\/\/mentta.fastdelivery.es\/index.php\/wp-json\/wp\/v2\/product_brand?post=248980"},{"taxonomy":"product_cat","embeddable":true,"href":"https:\/\/mentta.fastdelivery.es\/index.php\/wp-json\/wp\/v2\/product_cat?post=248980"},{"taxonomy":"product_tag","embeddable":true,"href":"https:\/\/mentta.fastdelivery.es\/index.php\/wp-json\/wp\/v2\/product_tag?post=248980"}],"curies":[{"name":"wp","href":"https:\/\/api.w.org\/{rel}","templated":true}]}}