{"id":248996,"date":"2025-05-21T17:30:20","date_gmt":"2025-05-21T15:30:20","guid":{"rendered":"https:\/\/mentta.fastdelivery.es\/index.php\/producto\/salsa-de-soja-kikoman-25-ml\/"},"modified":"2026-03-10T17:13:58","modified_gmt":"2026-03-10T16:13:58","slug":"salsa-de-soja-kikoman-25-ml","status":"publish","type":"product","link":"https:\/\/mentta.fastdelivery.es\/index.php\/producto\/salsa-de-soja-kikoman-25-ml\/","title":{"rendered":"SALSA DE SOJA KIKOMAN 25 ML"},"content":{"rendered":"<p>La salsa de soja Kikkoman es la opci\u00f3n perfecta para quienes buscan el aut\u00e9ntico sabor asi\u00e1tico. Ideal para sushi, teriyaki, sopas, arroces y m\u00e1s. Aporta umami y un toque salado a tus platos.<\/p>\n","protected":false},"excerpt":{"rendered":"<p>Salsa de soja aut\u00e9ntica y vers\u00e1til, ideal para sushi y platos asi\u00e1ticos.<\/p>\n","protected":false},"featured_media":248995,"comment_status":"open","ping_status":"closed","template":"","meta":[],"product_brand":[],"product_cat":[142,40,150,149],"product_tag":[],"class_list":{"0":"post-248996","1":"product","2":"type-product","3":"status-publish","4":"has-post-thumbnail","6":"product_cat-despensa","7":"product_cat-dietetica-adelganzantes","8":"product_cat-gourmet-2","9":"product_cat-salsas","11":"first","12":"instock","13":"shipping-taxable","14":"purchasable","15":"product-type-simple"},"_links":{"self":[{"href":"https:\/\/mentta.fastdelivery.es\/index.php\/wp-json\/wp\/v2\/product\/248996","targetHints":{"allow":["GET"]}}],"collection":[{"href":"https:\/\/mentta.fastdelivery.es\/index.php\/wp-json\/wp\/v2\/product"}],"about":[{"href":"https:\/\/mentta.fastdelivery.es\/index.php\/wp-json\/wp\/v2\/types\/product"}],"replies":[{"embeddable":true,"href":"https:\/\/mentta.fastdelivery.es\/index.php\/wp-json\/wp\/v2\/comments?post=248996"}],"wp:featuredmedia":[{"embeddable":true,"href":"https:\/\/mentta.fastdelivery.es\/index.php\/wp-json\/wp\/v2\/media\/248995"}],"wp:attachment":[{"href":"https:\/\/mentta.fastdelivery.es\/index.php\/wp-json\/wp\/v2\/media?parent=248996"}],"wp:term":[{"taxonomy":"product_brand","embeddable":true,"href":"https:\/\/mentta.fastdelivery.es\/index.php\/wp-json\/wp\/v2\/product_brand?post=248996"},{"taxonomy":"product_cat","embeddable":true,"href":"https:\/\/mentta.fastdelivery.es\/index.php\/wp-json\/wp\/v2\/product_cat?post=248996"},{"taxonomy":"product_tag","embeddable":true,"href":"https:\/\/mentta.fastdelivery.es\/index.php\/wp-json\/wp\/v2\/product_tag?post=248996"}],"curies":[{"name":"wp","href":"https:\/\/api.w.org\/{rel}","templated":true}]}}