{"id":249010,"date":"2025-05-21T17:30:33","date_gmt":"2025-05-21T15:30:33","guid":{"rendered":"https:\/\/mentta.fastdelivery.es\/index.php\/producto\/salsa-gallo-bolognesa-super-350-grs\/"},"modified":"2026-03-10T17:13:58","modified_gmt":"2026-03-10T16:13:58","slug":"salsa-gallo-bolognesa-super-350-grs","status":"publish","type":"product","link":"https:\/\/mentta.fastdelivery.es\/index.php\/producto\/salsa-gallo-bolognesa-super-350-grs\/","title":{"rendered":"SALSA GALLO BOLOGNESA SUPER 350 GRS"},"content":{"rendered":"<p>La salsa bolo\u00f1esa Super Gallo es la opci\u00f3n perfecta para los amantes de la pasta. Con carne de calidad y una mezcla de especias, es ideal para acompa\u00f1ar pasta, lasa\u00f1as y m\u00e1s, aportando un sabor lleno de tradici\u00f3n.<\/p>\n","protected":false},"excerpt":{"rendered":"<p>Salsa bolo\u00f1esa extra, ideal para pasta y lasa\u00f1as.<\/p>\n","protected":false},"featured_media":249009,"comment_status":"open","ping_status":"closed","template":"","meta":[],"product_brand":[],"product_cat":[142,150,149],"product_tag":[],"class_list":{"0":"post-249010","1":"product","2":"type-product","3":"status-publish","4":"has-post-thumbnail","6":"product_cat-despensa","7":"product_cat-gourmet-2","8":"product_cat-salsas","10":"first","11":"instock","12":"shipping-taxable","13":"purchasable","14":"product-type-simple"},"_links":{"self":[{"href":"https:\/\/mentta.fastdelivery.es\/index.php\/wp-json\/wp\/v2\/product\/249010","targetHints":{"allow":["GET"]}}],"collection":[{"href":"https:\/\/mentta.fastdelivery.es\/index.php\/wp-json\/wp\/v2\/product"}],"about":[{"href":"https:\/\/mentta.fastdelivery.es\/index.php\/wp-json\/wp\/v2\/types\/product"}],"replies":[{"embeddable":true,"href":"https:\/\/mentta.fastdelivery.es\/index.php\/wp-json\/wp\/v2\/comments?post=249010"}],"wp:featuredmedia":[{"embeddable":true,"href":"https:\/\/mentta.fastdelivery.es\/index.php\/wp-json\/wp\/v2\/media\/249009"}],"wp:attachment":[{"href":"https:\/\/mentta.fastdelivery.es\/index.php\/wp-json\/wp\/v2\/media?parent=249010"}],"wp:term":[{"taxonomy":"product_brand","embeddable":true,"href":"https:\/\/mentta.fastdelivery.es\/index.php\/wp-json\/wp\/v2\/product_brand?post=249010"},{"taxonomy":"product_cat","embeddable":true,"href":"https:\/\/mentta.fastdelivery.es\/index.php\/wp-json\/wp\/v2\/product_cat?post=249010"},{"taxonomy":"product_tag","embeddable":true,"href":"https:\/\/mentta.fastdelivery.es\/index.php\/wp-json\/wp\/v2\/product_tag?post=249010"}],"curies":[{"name":"wp","href":"https:\/\/api.w.org\/{rel}","templated":true}]}}