{"id":249014,"date":"2025-05-21T17:30:36","date_gmt":"2025-05-21T15:30:36","guid":{"rendered":"https:\/\/mentta.fastdelivery.es\/index.php\/producto\/salsa-gallo-napolitana-350-grs\/"},"modified":"2026-03-10T17:13:58","modified_gmt":"2026-03-10T16:13:58","slug":"salsa-gallo-napolitana-350-grs","status":"publish","type":"product","link":"https:\/\/mentta.fastdelivery.es\/index.php\/producto\/salsa-gallo-napolitana-350-grs\/","title":{"rendered":"SALSA GALLO NAPOLITANA 350 GRS"},"content":{"rendered":"<p>La salsa Gallo Napolitana est\u00e1 hecha con tomates maduros y especias naturales, ofreciendo un sabor aut\u00e9ntico y suave. Perfecta para acompa\u00f1ar espaguetis, macarrones o cualquier receta de cocina italiana. Formato de 350 gramos.<\/p>\n","protected":false},"excerpt":{"rendered":"<p>Salsa napolitana Gallo de 350g, ideal para pasta con sabor italiano cl\u00e1sico.<\/p>\n","protected":false},"featured_media":249013,"comment_status":"open","ping_status":"closed","template":"","meta":[],"product_brand":[],"product_cat":[142,150,149],"product_tag":[],"class_list":{"0":"post-249014","1":"product","2":"type-product","3":"status-publish","4":"has-post-thumbnail","6":"product_cat-despensa","7":"product_cat-gourmet-2","8":"product_cat-salsas","10":"first","11":"instock","12":"shipping-taxable","13":"purchasable","14":"product-type-simple"},"_links":{"self":[{"href":"https:\/\/mentta.fastdelivery.es\/index.php\/wp-json\/wp\/v2\/product\/249014","targetHints":{"allow":["GET"]}}],"collection":[{"href":"https:\/\/mentta.fastdelivery.es\/index.php\/wp-json\/wp\/v2\/product"}],"about":[{"href":"https:\/\/mentta.fastdelivery.es\/index.php\/wp-json\/wp\/v2\/types\/product"}],"replies":[{"embeddable":true,"href":"https:\/\/mentta.fastdelivery.es\/index.php\/wp-json\/wp\/v2\/comments?post=249014"}],"wp:featuredmedia":[{"embeddable":true,"href":"https:\/\/mentta.fastdelivery.es\/index.php\/wp-json\/wp\/v2\/media\/249013"}],"wp:attachment":[{"href":"https:\/\/mentta.fastdelivery.es\/index.php\/wp-json\/wp\/v2\/media?parent=249014"}],"wp:term":[{"taxonomy":"product_brand","embeddable":true,"href":"https:\/\/mentta.fastdelivery.es\/index.php\/wp-json\/wp\/v2\/product_brand?post=249014"},{"taxonomy":"product_cat","embeddable":true,"href":"https:\/\/mentta.fastdelivery.es\/index.php\/wp-json\/wp\/v2\/product_cat?post=249014"},{"taxonomy":"product_tag","embeddable":true,"href":"https:\/\/mentta.fastdelivery.es\/index.php\/wp-json\/wp\/v2\/product_tag?post=249014"}],"curies":[{"name":"wp","href":"https:\/\/api.w.org\/{rel}","templated":true}]}}