{"id":249046,"date":"2025-05-21T17:31:01","date_gmt":"2025-05-21T15:31:01","guid":{"rendered":"https:\/\/mentta.fastdelivery.es\/index.php\/producto\/chocolate-snickers-pack-3-unid\/"},"modified":"2026-03-10T17:13:58","modified_gmt":"2026-03-10T16:13:58","slug":"chocolate-snickers-pack-3-unid","status":"publish","type":"product","link":"https:\/\/mentta.fastdelivery.es\/index.php\/producto\/chocolate-snickers-pack-3-unid\/","title":{"rendered":"CHOCOLATE SNICKERS PACK 3 UNID"},"content":{"rendered":"<p>Snickers ofrece una potente combinaci\u00f3n de cacahuetes, caramelo y chocolate. Ideal para un impulso de energ\u00eda durante el d\u00eda. Pack de 3 barritas perfectas para compartir o disfrutar por separado.<\/p>\n","protected":false},"excerpt":{"rendered":"<p>Snickers en pack de 3 unidades, energ\u00eda y sabor en cada mordida.<\/p>\n","protected":false},"featured_media":249045,"comment_status":"open","ping_status":"closed","template":"","meta":[],"product_brand":[],"product_cat":[72,142],"product_tag":[],"class_list":{"0":"post-249046","1":"product","2":"type-product","3":"status-publish","4":"has-post-thumbnail","6":"product_cat-azucar-caramelos-y-chocolate","7":"product_cat-despensa","9":"first","10":"instock","11":"shipping-taxable","12":"purchasable","13":"product-type-simple"},"_links":{"self":[{"href":"https:\/\/mentta.fastdelivery.es\/index.php\/wp-json\/wp\/v2\/product\/249046","targetHints":{"allow":["GET"]}}],"collection":[{"href":"https:\/\/mentta.fastdelivery.es\/index.php\/wp-json\/wp\/v2\/product"}],"about":[{"href":"https:\/\/mentta.fastdelivery.es\/index.php\/wp-json\/wp\/v2\/types\/product"}],"replies":[{"embeddable":true,"href":"https:\/\/mentta.fastdelivery.es\/index.php\/wp-json\/wp\/v2\/comments?post=249046"}],"wp:featuredmedia":[{"embeddable":true,"href":"https:\/\/mentta.fastdelivery.es\/index.php\/wp-json\/wp\/v2\/media\/249045"}],"wp:attachment":[{"href":"https:\/\/mentta.fastdelivery.es\/index.php\/wp-json\/wp\/v2\/media?parent=249046"}],"wp:term":[{"taxonomy":"product_brand","embeddable":true,"href":"https:\/\/mentta.fastdelivery.es\/index.php\/wp-json\/wp\/v2\/product_brand?post=249046"},{"taxonomy":"product_cat","embeddable":true,"href":"https:\/\/mentta.fastdelivery.es\/index.php\/wp-json\/wp\/v2\/product_cat?post=249046"},{"taxonomy":"product_tag","embeddable":true,"href":"https:\/\/mentta.fastdelivery.es\/index.php\/wp-json\/wp\/v2\/product_tag?post=249046"}],"curies":[{"name":"wp","href":"https:\/\/api.w.org\/{rel}","templated":true}]}}