{"id":249062,"date":"2025-05-21T17:31:18","date_gmt":"2025-05-21T15:31:18","guid":{"rendered":"https:\/\/mentta.fastdelivery.es\/index.php\/producto\/cafe-nestle-descafeinado-50-sobres\/"},"modified":"2026-03-10T17:13:58","modified_gmt":"2026-03-10T16:13:58","slug":"cafe-nestle-descafeinado-50-sobres","status":"publish","type":"product","link":"https:\/\/mentta.fastdelivery.es\/index.php\/producto\/cafe-nestle-descafeinado-50-sobres\/","title":{"rendered":"CAFE NESTLE DESCAFEINADO 50 SOBRES"},"content":{"rendered":"<p>El caf\u00e9 descafeinado Nestl\u00e9 ofrece todo el sabor del caf\u00e9 tradicional sin cafe\u00edna. Presentado en pr\u00e1cticos sobres monodosis, es ideal para llevar o preparar en segundos, en casa o en la oficina.<\/p>\n","protected":false},"excerpt":{"rendered":"<p>Caf\u00e9 soluble Nestl\u00e9 descafeinado en sobres individuales, caja de 50.<\/p>\n","protected":false},"featured_media":249061,"comment_status":"open","ping_status":"closed","template":"","meta":[],"product_brand":[],"product_cat":[152,142],"product_tag":[],"class_list":{"0":"post-249062","1":"product","2":"type-product","3":"status-publish","4":"has-post-thumbnail","6":"product_cat-cafe","7":"product_cat-despensa","9":"first","10":"instock","11":"shipping-taxable","12":"purchasable","13":"product-type-simple"},"_links":{"self":[{"href":"https:\/\/mentta.fastdelivery.es\/index.php\/wp-json\/wp\/v2\/product\/249062","targetHints":{"allow":["GET"]}}],"collection":[{"href":"https:\/\/mentta.fastdelivery.es\/index.php\/wp-json\/wp\/v2\/product"}],"about":[{"href":"https:\/\/mentta.fastdelivery.es\/index.php\/wp-json\/wp\/v2\/types\/product"}],"replies":[{"embeddable":true,"href":"https:\/\/mentta.fastdelivery.es\/index.php\/wp-json\/wp\/v2\/comments?post=249062"}],"wp:featuredmedia":[{"embeddable":true,"href":"https:\/\/mentta.fastdelivery.es\/index.php\/wp-json\/wp\/v2\/media\/249061"}],"wp:attachment":[{"href":"https:\/\/mentta.fastdelivery.es\/index.php\/wp-json\/wp\/v2\/media?parent=249062"}],"wp:term":[{"taxonomy":"product_brand","embeddable":true,"href":"https:\/\/mentta.fastdelivery.es\/index.php\/wp-json\/wp\/v2\/product_brand?post=249062"},{"taxonomy":"product_cat","embeddable":true,"href":"https:\/\/mentta.fastdelivery.es\/index.php\/wp-json\/wp\/v2\/product_cat?post=249062"},{"taxonomy":"product_tag","embeddable":true,"href":"https:\/\/mentta.fastdelivery.es\/index.php\/wp-json\/wp\/v2\/product_tag?post=249062"}],"curies":[{"name":"wp","href":"https:\/\/api.w.org\/{rel}","templated":true}]}}