{"id":249066,"date":"2025-05-21T17:31:26","date_gmt":"2025-05-21T15:31:26","guid":{"rendered":"https:\/\/mentta.fastdelivery.es\/index.php\/producto\/cafe-nescafe-natural-50-sobres\/"},"modified":"2026-03-10T17:13:58","modified_gmt":"2026-03-10T16:13:58","slug":"cafe-nescafe-natural-50-sobres","status":"publish","type":"product","link":"https:\/\/mentta.fastdelivery.es\/index.php\/producto\/cafe-nescafe-natural-50-sobres\/","title":{"rendered":"CAFE NESCAFE NATURAL 50 SOBRES"},"content":{"rendered":"<p>Disfruta del sabor intenso del Nescaf\u00e9 Natural con la comodidad de los sobres individuales. Perfecto para una taza r\u00e1pida de caf\u00e9 puro y arom\u00e1tico en cualquier momento del d\u00eda.<\/p>\n","protected":false},"excerpt":{"rendered":"<p>Nescaf\u00e9 Natural en sobres individuales, sabor cl\u00e1sico, pack de 50.<\/p>\n","protected":false},"featured_media":249065,"comment_status":"open","ping_status":"closed","template":"","meta":[],"product_brand":[],"product_cat":[142,40],"product_tag":[],"class_list":{"0":"post-249066","1":"product","2":"type-product","3":"status-publish","4":"has-post-thumbnail","6":"product_cat-despensa","7":"product_cat-dietetica-adelganzantes","9":"first","10":"instock","11":"shipping-taxable","12":"purchasable","13":"product-type-simple"},"_links":{"self":[{"href":"https:\/\/mentta.fastdelivery.es\/index.php\/wp-json\/wp\/v2\/product\/249066","targetHints":{"allow":["GET"]}}],"collection":[{"href":"https:\/\/mentta.fastdelivery.es\/index.php\/wp-json\/wp\/v2\/product"}],"about":[{"href":"https:\/\/mentta.fastdelivery.es\/index.php\/wp-json\/wp\/v2\/types\/product"}],"replies":[{"embeddable":true,"href":"https:\/\/mentta.fastdelivery.es\/index.php\/wp-json\/wp\/v2\/comments?post=249066"}],"wp:featuredmedia":[{"embeddable":true,"href":"https:\/\/mentta.fastdelivery.es\/index.php\/wp-json\/wp\/v2\/media\/249065"}],"wp:attachment":[{"href":"https:\/\/mentta.fastdelivery.es\/index.php\/wp-json\/wp\/v2\/media?parent=249066"}],"wp:term":[{"taxonomy":"product_brand","embeddable":true,"href":"https:\/\/mentta.fastdelivery.es\/index.php\/wp-json\/wp\/v2\/product_brand?post=249066"},{"taxonomy":"product_cat","embeddable":true,"href":"https:\/\/mentta.fastdelivery.es\/index.php\/wp-json\/wp\/v2\/product_cat?post=249066"},{"taxonomy":"product_tag","embeddable":true,"href":"https:\/\/mentta.fastdelivery.es\/index.php\/wp-json\/wp\/v2\/product_tag?post=249066"}],"curies":[{"name":"wp","href":"https:\/\/api.w.org\/{rel}","templated":true}]}}